{"id":170,"date":"2014-06-10T22:28:35","date_gmt":"2014-06-10T22:28:35","guid":{"rendered":"http:\/\/tsv-oerlenbach.de\/?page_id=170"},"modified":"2025-05-01T21:52:45","modified_gmt":"2025-05-01T21:52:45","slug":"kegeln","status":"publish","type":"page","link":"https:\/\/tsv-oerlenbach.de\/?page_id=170","title":{"rendered":"Kegeln"},"content":{"rendered":"<p align=\"center\"><span style=\"font-family: Arial;\">\u00a0<\/span><\/p>\n<p style=\"text-align: center;\" align=\"center\"><a href=\"http:\/\/tsv-oerlenbach.de\/wp-content\/uploads\/Kegler1-0750.jpg\"><img decoding=\"async\" class=\"size-full wp-image-173\" src=\"http:\/\/tsv-oerlenbach.de\/wp-content\/uploads\/Kegler1-0750.jpg\" alt=\"Kegler1-0750\" \/><\/a><\/p>\n<p style=\"text-align: justify;\"><span style=\"color: #000000;\">Durch den Bau der Wilhelm-Hegler-Sporthalle mit Kegelbahn im Jahr 1985 konnte das sportliche und gesellige Angebot f\u00fcr die Gemeinde Oerlenbach erweitert werden. Somit war die Kegelabteilung unter der Leitung von Dietmar Schmitt geboren.<br \/>\nAus einer Hobbykegelgruppe, betreut durch Dietmar Schmitt und Otmar Benkert, die ihre praktischen Erfahrungen in Pokalspielen und Erringen von Kegelsportabzeichen holten, konnte in der Spielrunde 90\/91 erstmals mit einer Mannschaft an der Kegelrunde teilgenommen werden.<\/span><\/p>\n<p style=\"text-align: justify;\">Zwei Jahre wurde in der Vereinsklasse C Bad Kissingen gespielt, bis der Aufstieg in die Kreisklasse B Nord im Jahr 92\/93 geschafft wurde. Im darauf folgenden Spieljahr 94\/95 konnte sogar erstmals eine zweite Mannschaft am Spielbetrieb in der Vereinsklasse C Bad Kissingen teil nehmen.<br \/>\nIm Spieljahr 97\/98 wurde die erste Mannschaft Vizemeister und aufstiegsberechtigt in die Kreisklasse A Nord und schaffte in der Spielrunde 98\/99 auch gleich den Durchmarsch und wurde Meister in der Kreisklasse A Nord. Somit stiegen sie in die Bezirksliga B Nord auf. Leider konnten man sich nur kurz in dieser Klasse halten und stieg in der Saison darauf wieder ab.<br \/>\nIn der darauf folgenden Runde 99\/00 konnte der TSV Oerlenbach sogar noch eine dritte Mannschaft in der Vereinsklasse B Bad Kissingen melden.<br \/>\nSo wurde dann das harte Training auch im Jahr darauf belohnt \u2013 und das gleich doppelt \u2013 denn in der Saison 00\/01 wurde sowohl die erste Mannschaft in der Kreisklasse A Nord als auch die zweite Mannschaft in der Kreisklasse D Nord Meister. Die zweite Mannschaft konnte in der Saison 01\/02 sogar gleich noch Eins drauf setzen und wurde erneut Meister in der Kreisklasse C Nord.<br \/>\nAus Spielermangel wurde die dritte Mannschaft f\u00fcr die Saison 2004\/05 abgemeldet, konnte jedoch gleich f\u00fcr die Saison 2005\/06 wieder angemeldet.<br \/>\nUnd 2005 schaffte die zweite Mannschaft in der Kreisklasse C Nord erneut die Meisterschaft und stieg in die Kreisklasse B Nord auf. Die erste Mannschaft sollte dem in nichts nachstehen &#8211; konnte sie sich \u00fcber Jahre hin weg gut in der Kreisklasse Nord halten, wurde sie dann 2006 dort Meister und stieg somit in die Bezirksliga B auf \u2013 dies war der bisher gr\u00f6\u00dfte gefeierte Erfolg der Kegelabteilung seit Bestehen.<br \/>\nIn den Jahren 2006\/07 und 2007\/08 spielte die 1. Mannschaft in der Bezirksliga B Nord und behauptete sich in dieser Klasse, allerdings spielte sie immer gegen den Abstieg, der dann leider in der Saison 2008\/09 besiegelt war und somit stieg die 1. Mannschaft in die Kreisklasse Nord ab. Doch durch hartes Training und eisernen Willen schafften sie den sofortigen Wiederaufstieg in die Bezirksliga B Nord und halten sich bis heute in dieser Klasse.<\/p>\n<p style=\"text-align: justify;\">Die 2. und 3. Mannschaft konnten sich in der Saison 05\/06 und 06\/07 in ihrer Klasse behaupten. 2007\/08 wurden sogar zwei Vierer- Mannschaften in der Kreisklasse D Nord ins Rennen geschickt und in den Jahren 2008\/09 und 2009\/10 wurden in der Kreisklasse C Nord eine Sechser-Mannschaft gemeldet.<\/p>\n<p style=\"text-align: justify;\">In der jetzigen Saison dienen die unteren Mannschaften haupts\u00e4chlich dem Aufbau f\u00fcr die 1. Mannschaft, da eine offizielle Meldung der 2. Mannschaft durch einige Abg\u00e4nge sowie Studium und Arbeitslaufbahn leider nicht m\u00f6glich war.<br \/>\nEin weiteres Highlight der Kegelabteilung ist das allj\u00e4hrlich statt findende Gro\u00dfgemeindekegeltunier. Es wurde bisher 18mal ausgetragen und ist jedes Jahr ein enormer Spa\u00df f\u00fcr alle Abteilungen der ganzen Gemeinde.<\/p>\n<h2 style=\"text-align: justify;\">Kegelabteilung Chronologie<\/h2>\n<p style=\"text-align: justify;\"><strong>Gr\u00fcndung: Oktober 1985 <\/strong><br \/>\n1. Abteilungsleiter und Sportwart bis 1988 Dietmar Schmitt<br \/>\nab 1988 bis 1998 Abteilungsleiter Otmar Benkert<br \/>\nvon 1998 bis 2002 Abteilungsleiter Bernhard Feser<br \/>\nvon 2002 bis 2004 Abteilungsleiter Otmar Benkert<br \/>\nvon 2004 bis 2008 Abteilungsleiter Wolfgang Haupt<br \/>\nvon 2008 bis 2012 Abteilungsleiter Matthias Schmitt<br \/>\nvon 2012 bis heute Abteilungsleiter Frank M\u00fctzel<br \/>\n1. Sportwart seit 1992 bis Mitte 2011 Dietmar Schmitt<br \/>\nab Saison 2011 Sportwart Dominik Mohr bis 2012<br \/>\nSeit 2012 Sportwart bis heute Dietmar Schmitt<\/p>\n<p style=\"text-align: justify;\"><span style=\"font-size: x-large; color: #000000;\">Nennenswerte Erfolge als Einzelkegler<\/span><\/p>\n<p style=\"text-align: justify;\"><span style=\"color: #000000;\">Bernd Klabouch kam bei \u00a0dern Bayerischen Meisterschaften 2008 in den Endlauf unter den besten 12 aus Bayern<\/span><\/p>\n<p style=\"text-align: justify;\"><span style=\"color: #000000;\">Dietmar Schmitt kam als einziger aktiver Kegler des SKV Bad Kissingen in den Endlauf bei den Bezirksmeisterschaften 2011<\/span><\/p>\n<p style=\"text-align: justify;\"><span style=\"color: #000000;\">Verena Mohr kam 2008 in den Endlauf \u00a0bei den bayerischen Jugendmeisterschaften U 14 weiblich und belegte den 8. Platz<\/span><\/p>\n<p style=\"text-align: justify;\"><span style=\"color: #000000;\">in den Jahren 2009,2010 und 2011 war Verena Mohr Teilnehmerin der Bezirksmeisterschaften und kam 2010 und 2011 in den Endlauf<\/span><\/p>\n<p style=\"text-align: justify;\"><span style=\"color: #000000;\">Dietmar Schmitt ist\u00a0mit \u00fcber 300 goldenen Sportabzeichen Spitzenreiter im SKV Bad Kissingen.<\/span><\/p>\n<p style=\"text-align: justify;\"><span style=\"color: #000000;\">Unsere Jugend U 14 wurde erstmals in der Geschichte 2012\/13 unterfr\u00e4nkischer Meister und bayrischer Vizemeister.<\/span><\/p>\n<p style=\"text-align: justify;\"><span style=\"color: #000000;\">Bei der Deutschen Meisterschaft wurde ein hervorragender vierter Platz erreicht.<\/span><\/p>\n<p style=\"text-align: justify;\"><span style=\"color: #000000;\">Bester Jugendspieler wurde Moritz M\u00fctzel. Zweiter im Bezirk und neunter in Bayern.<\/span><\/p>\n<p style=\"text-align: justify;\"><span style=\"color: #000000;\">Die erste Mannschaft hatte erstmals mit dem Abstieg in der Bezirksliga B Nord nichts zu tun und hatte die beste Platzierung \u00fcberhaupt.<\/span><\/p>\n<p style=\"text-align: justify;\"><span style=\"color: #000000;\">Im Jahr 2014 konnte die Jugend U14 an die im Vorjahr erzielten Erfolge ankn\u00fcpfen.<\/span><br \/>\n<span style=\"color: #000000;\"> Neben der unterfr\u00e4nkischen Meisterschaft, wurde man dritter bei der bayerischen Meisterschaft und erreichte einen ordentlichen 9. Platz bei den deutschen Meisterschaften in Augsburg.<\/span><\/p>\n<h2 style=\"text-align: justify;\">Wehrmutstropfen:<\/h2>\n<p style=\"text-align: justify;\">Uns gehen die Kegler aus und wir brauchen dringend Verst\u00e4rkung:<br \/>\nGesucht werden ehemalige Fu\u00dfballer oder Sportler, die ihren Sport nicht mehr aus\u00fcben k\u00f6nnen.<br \/>\nIn wenigen Monaten sind die Kegler dann soweit um in einer Zweiten Mannschaft mit spielen zu k\u00f6nnen, auch Lochkugelkegler k\u00f6nnen eingesetzt werden.<\/p>\n","protected":false},"excerpt":{"rendered":"<p>\u00a0 Durch den Bau der Wilhelm-Hegler-Sporthalle mit Kegelbahn im Jahr 1985 konnte das sportliche und gesellige Angebot f\u00fcr die Gemeinde Oerlenbach erweitert werden. Somit war die Kegelabteilung unter der Leitung von Dietmar Schmitt geboren. Aus einer Hobbykegelgruppe, betreut durch Dietmar Schmitt und Otmar Benkert, die ihre praktischen Erfahrungen in Pokalspielen und Erringen von Kegelsportabzeichen holten, &hellip; <a href=\"https:\/\/tsv-oerlenbach.de\/?page_id=170\" class=\"more-link\"><span class=\"screen-reader-text\">Kegeln<\/span> weiterlesen <span class=\"meta-nav\">&rarr;<\/span><\/a><\/p>\n","protected":false},"author":1,"featured_media":0,"parent":62,"menu_order":0,"comment_status":"closed","ping_status":"closed","template":"","meta":{"footnotes":""},"class_list":["post-170","page","type-page","status-publish","hentry"],"yoast_head":"<!-- This site is optimized with the Yoast SEO plugin v27.5 - https:\/\/yoast.com\/product\/yoast-seo-wordpress\/ -->\n<title>Kegeln - Sport f\u00fcr Alle<\/title>\n<meta name=\"robots\" content=\"index, follow, max-snippet:-1, max-image-preview:large, max-video-preview:-1\" \/>\n<link rel=\"canonical\" href=\"https:\/\/tsv-oerlenbach.de\/?page_id=170\" \/>\n<meta property=\"og:locale\" content=\"de_DE\" \/>\n<meta property=\"og:type\" content=\"article\" \/>\n<meta property=\"og:title\" content=\"Kegeln - Sport f\u00fcr Alle\" \/>\n<meta property=\"og:description\" content=\"\u00a0 Durch den Bau der Wilhelm-Hegler-Sporthalle mit Kegelbahn im Jahr 1985 konnte das sportliche und gesellige Angebot f\u00fcr die Gemeinde Oerlenbach erweitert werden. Somit war die Kegelabteilung unter der Leitung von Dietmar Schmitt geboren. Aus einer Hobbykegelgruppe, betreut durch Dietmar Schmitt und Otmar Benkert, die ihre praktischen Erfahrungen in Pokalspielen und Erringen von Kegelsportabzeichen holten, &hellip; Kegeln weiterlesen &rarr;\" \/>\n<meta property=\"og:url\" content=\"https:\/\/tsv-oerlenbach.de\/?page_id=170\" \/>\n<meta property=\"og:site_name\" content=\"Sport f\u00fcr Alle\" \/>\n<meta property=\"article:modified_time\" content=\"2025-05-01T21:52:45+00:00\" \/>\n<meta property=\"og:image\" content=\"https:\/\/tsv-oerlenbach.de\/wp-content\/uploads\/Kegler1-0750.jpg\" \/>\n\t<meta property=\"og:image:width\" content=\"1\" \/>\n\t<meta property=\"og:image:height\" content=\"1\" \/>\n\t<meta property=\"og:image:type\" content=\"image\/jpeg\" \/>\n<meta name=\"twitter:card\" content=\"summary_large_image\" \/>\n<meta name=\"twitter:label1\" content=\"Gesch\u00e4tzte Lesezeit\" \/>\n\t<meta name=\"twitter:data1\" content=\"5\u00a0Minuten\" \/>\n<script type=\"application\/ld+json\" class=\"yoast-schema-graph\">{\"@context\":\"https:\\\/\\\/schema.org\",\"@graph\":[{\"@type\":\"WebPage\",\"@id\":\"https:\\\/\\\/tsv-oerlenbach.de\\\/?page_id=170\",\"url\":\"https:\\\/\\\/tsv-oerlenbach.de\\\/?page_id=170\",\"name\":\"Kegeln - Sport f\u00fcr Alle\",\"isPartOf\":{\"@id\":\"https:\\\/\\\/tsv-oerlenbach.de\\\/#website\"},\"primaryImageOfPage\":{\"@id\":\"https:\\\/\\\/tsv-oerlenbach.de\\\/?page_id=170#primaryimage\"},\"image\":{\"@id\":\"https:\\\/\\\/tsv-oerlenbach.de\\\/?page_id=170#primaryimage\"},\"thumbnailUrl\":\"http:\\\/\\\/tsv-oerlenbach.de\\\/wp-content\\\/uploads\\\/Kegler1-0750.jpg\",\"datePublished\":\"2014-06-10T22:28:35+00:00\",\"dateModified\":\"2025-05-01T21:52:45+00:00\",\"breadcrumb\":{\"@id\":\"https:\\\/\\\/tsv-oerlenbach.de\\\/?page_id=170#breadcrumb\"},\"inLanguage\":\"de\",\"potentialAction\":[{\"@type\":\"ReadAction\",\"target\":[\"https:\\\/\\\/tsv-oerlenbach.de\\\/?page_id=170\"]}]},{\"@type\":\"ImageObject\",\"inLanguage\":\"de\",\"@id\":\"https:\\\/\\\/tsv-oerlenbach.de\\\/?page_id=170#primaryimage\",\"url\":\"http:\\\/\\\/tsv-oerlenbach.de\\\/wp-content\\\/uploads\\\/Kegler1-0750.jpg\",\"contentUrl\":\"http:\\\/\\\/tsv-oerlenbach.de\\\/wp-content\\\/uploads\\\/Kegler1-0750.jpg\"},{\"@type\":\"BreadcrumbList\",\"@id\":\"https:\\\/\\\/tsv-oerlenbach.de\\\/?page_id=170#breadcrumb\",\"itemListElement\":[{\"@type\":\"ListItem\",\"position\":1,\"name\":\"Startseite\",\"item\":\"https:\\\/\\\/tsv-oerlenbach.de\\\/\"},{\"@type\":\"ListItem\",\"position\":2,\"name\":\"Die Abteilungen\",\"item\":\"https:\\\/\\\/tsv-oerlenbach.de\\\/?page_id=62\"},{\"@type\":\"ListItem\",\"position\":3,\"name\":\"Kegeln\"}]},{\"@type\":\"WebSite\",\"@id\":\"https:\\\/\\\/tsv-oerlenbach.de\\\/#website\",\"url\":\"https:\\\/\\\/tsv-oerlenbach.de\\\/\",\"name\":\"Sport f\u00fcr Alle\",\"description\":\"Herzlich Willkommen auf unserer Homepage!\",\"potentialAction\":[{\"@type\":\"SearchAction\",\"target\":{\"@type\":\"EntryPoint\",\"urlTemplate\":\"https:\\\/\\\/tsv-oerlenbach.de\\\/?s={search_term_string}\"},\"query-input\":{\"@type\":\"PropertyValueSpecification\",\"valueRequired\":true,\"valueName\":\"search_term_string\"}}],\"inLanguage\":\"de\"}]}<\/script>\n<!-- \/ Yoast SEO plugin. -->","yoast_head_json":{"title":"Kegeln - Sport f\u00fcr Alle","robots":{"index":"index","follow":"follow","max-snippet":"max-snippet:-1","max-image-preview":"max-image-preview:large","max-video-preview":"max-video-preview:-1"},"canonical":"https:\/\/tsv-oerlenbach.de\/?page_id=170","og_locale":"de_DE","og_type":"article","og_title":"Kegeln - Sport f\u00fcr Alle","og_description":"\u00a0 Durch den Bau der Wilhelm-Hegler-Sporthalle mit Kegelbahn im Jahr 1985 konnte das sportliche und gesellige Angebot f\u00fcr die Gemeinde Oerlenbach erweitert werden. Somit war die Kegelabteilung unter der Leitung von Dietmar Schmitt geboren. Aus einer Hobbykegelgruppe, betreut durch Dietmar Schmitt und Otmar Benkert, die ihre praktischen Erfahrungen in Pokalspielen und Erringen von Kegelsportabzeichen holten, &hellip; Kegeln weiterlesen &rarr;","og_url":"https:\/\/tsv-oerlenbach.de\/?page_id=170","og_site_name":"Sport f\u00fcr Alle","article_modified_time":"2025-05-01T21:52:45+00:00","og_image":[{"url":"https:\/\/tsv-oerlenbach.de\/wp-content\/uploads\/Kegler1-0750.jpg","width":1,"height":1,"type":"image\/jpeg"}],"twitter_card":"summary_large_image","twitter_misc":{"Gesch\u00e4tzte Lesezeit":"5\u00a0Minuten"},"schema":{"@context":"https:\/\/schema.org","@graph":[{"@type":"WebPage","@id":"https:\/\/tsv-oerlenbach.de\/?page_id=170","url":"https:\/\/tsv-oerlenbach.de\/?page_id=170","name":"Kegeln - Sport f\u00fcr Alle","isPartOf":{"@id":"https:\/\/tsv-oerlenbach.de\/#website"},"primaryImageOfPage":{"@id":"https:\/\/tsv-oerlenbach.de\/?page_id=170#primaryimage"},"image":{"@id":"https:\/\/tsv-oerlenbach.de\/?page_id=170#primaryimage"},"thumbnailUrl":"http:\/\/tsv-oerlenbach.de\/wp-content\/uploads\/Kegler1-0750.jpg","datePublished":"2014-06-10T22:28:35+00:00","dateModified":"2025-05-01T21:52:45+00:00","breadcrumb":{"@id":"https:\/\/tsv-oerlenbach.de\/?page_id=170#breadcrumb"},"inLanguage":"de","potentialAction":[{"@type":"ReadAction","target":["https:\/\/tsv-oerlenbach.de\/?page_id=170"]}]},{"@type":"ImageObject","inLanguage":"de","@id":"https:\/\/tsv-oerlenbach.de\/?page_id=170#primaryimage","url":"http:\/\/tsv-oerlenbach.de\/wp-content\/uploads\/Kegler1-0750.jpg","contentUrl":"http:\/\/tsv-oerlenbach.de\/wp-content\/uploads\/Kegler1-0750.jpg"},{"@type":"BreadcrumbList","@id":"https:\/\/tsv-oerlenbach.de\/?page_id=170#breadcrumb","itemListElement":[{"@type":"ListItem","position":1,"name":"Startseite","item":"https:\/\/tsv-oerlenbach.de\/"},{"@type":"ListItem","position":2,"name":"Die Abteilungen","item":"https:\/\/tsv-oerlenbach.de\/?page_id=62"},{"@type":"ListItem","position":3,"name":"Kegeln"}]},{"@type":"WebSite","@id":"https:\/\/tsv-oerlenbach.de\/#website","url":"https:\/\/tsv-oerlenbach.de\/","name":"Sport f\u00fcr Alle","description":"Herzlich Willkommen auf unserer Homepage!","potentialAction":[{"@type":"SearchAction","target":{"@type":"EntryPoint","urlTemplate":"https:\/\/tsv-oerlenbach.de\/?s={search_term_string}"},"query-input":{"@type":"PropertyValueSpecification","valueRequired":true,"valueName":"search_term_string"}}],"inLanguage":"de"}]}},"_links":{"self":[{"href":"https:\/\/tsv-oerlenbach.de\/index.php?rest_route=\/wp\/v2\/pages\/170","targetHints":{"allow":["GET"]}}],"collection":[{"href":"https:\/\/tsv-oerlenbach.de\/index.php?rest_route=\/wp\/v2\/pages"}],"about":[{"href":"https:\/\/tsv-oerlenbach.de\/index.php?rest_route=\/wp\/v2\/types\/page"}],"author":[{"embeddable":true,"href":"https:\/\/tsv-oerlenbach.de\/index.php?rest_route=\/wp\/v2\/users\/1"}],"replies":[{"embeddable":true,"href":"https:\/\/tsv-oerlenbach.de\/index.php?rest_route=%2Fwp%2Fv2%2Fcomments&post=170"}],"version-history":[{"count":10,"href":"https:\/\/tsv-oerlenbach.de\/index.php?rest_route=\/wp\/v2\/pages\/170\/revisions"}],"predecessor-version":[{"id":9872,"href":"https:\/\/tsv-oerlenbach.de\/index.php?rest_route=\/wp\/v2\/pages\/170\/revisions\/9872"}],"up":[{"embeddable":true,"href":"https:\/\/tsv-oerlenbach.de\/index.php?rest_route=\/wp\/v2\/pages\/62"}],"wp:attachment":[{"href":"https:\/\/tsv-oerlenbach.de\/index.php?rest_route=%2Fwp%2Fv2%2Fmedia&parent=170"}],"curies":[{"name":"wp","href":"https:\/\/api.w.org\/{rel}","templated":true}]}}