{"id":202,"date":"2014-06-10T22:53:20","date_gmt":"2014-06-10T22:53:20","guid":{"rendered":"http:\/\/tsv-oerlenbach.de\/?page_id=202"},"modified":"2022-05-06T22:38:47","modified_gmt":"2022-05-06T22:38:47","slug":"triathlon","status":"publish","type":"page","link":"https:\/\/tsv-oerlenbach.de\/?page_id=202","title":{"rendered":"Triathlon"},"content":{"rendered":"<p style=\"text-align: center;\"><img loading=\"lazy\" decoding=\"async\" src=\"http:\/\/www.gif-paradies.de\/gifs\/sport\/radsport\/radsport_0003.gif\" alt=\"\" width=\"104\" height=\"85\" border=\"0\" \/><\/p>\n<p style=\"text-align: center;\"><strong>Geschichtlicher Hintergrund:<\/strong><\/p>\n<p style=\"text-align: center;\">Schon im Jahr 1993 unter Gerhard Kaiser verschrieb sich eine Gruppe dem Ausdauersport und dem Triathlon beim TSV Oerlenbach. Einige kamen \u00fcber die Sprintdistanzen und manche wagten sich sogar an die halbe Ironman Distanz. Schon im ersten Jahr nahmen vier Mitglieder an insgesamt 17 Veranstaltungen teil. 1995 konnte Frau Dr. Helga Waigand 6 mal einen ersten Platz verzeichnen, was ein gro\u00dfartigen Erfolg darstellte. Auch in den darauffolgenden Jahren konnten Herr und Frau Waigand etliche erste Pl\u00e4tze f\u00fcr sich verbuchen. Diese Erfolge waren nat\u00fcrlich nur mit sehr viel Trainingsehrgeiz und Disziplin m\u00f6glich. So kamen z.B. im Jahr 1996 rund 425 km Schwimmen, 20000 km Radfahren und 6000 km Laufen zu Stande. Wegen Mangel an Nachwuchs hat sich die Gruppe nach 10 Jahren nicht weiter engagiert.<\/p>\n<p style=\"text-align: center;\"><strong>Auferstehung im Jahr 2011:<\/strong><\/p>\n<p style=\"text-align: center;\">Im Jahre 2011 entdeckte eine kleine Gruppe sportbegeisterter Fu\u00dfballer das Radfahren f\u00fcr sich (siehe Bild unten). Diese entschlossen sich im Juli 2011 mit dem Fahrrad von Oerlenbach zum Chiemsee zu fahren und die Kampenwand zu erklimmen. Nach den ersten anstrengenden Bergwertungen und dem darauffolgendem Gl\u00fccksgef\u00fchl kam die Idee, die beiden Ausdauersportarten Laufen und Radfahren l\u00e4ngerfristig zu betreiben und mit dem Schwimmen zu kombinieren. Ab sofort war die Gruppe von der Idee infiziert, eine Triathlonabteilung zu gr\u00fcnden und in den TSV Oerlenbach zu integrieren.<\/p>\n<p style=\"text-align: center;\">Im Jahr 2013 konnten wir erfolgreich nach Pfronten radeln und von dort aus die Bad Kissinger H\u00fctte besteigen.<\/p>\n<p style=\"text-align: center;\">Die Sportart Triathlon vereint Schwimmen, Radfahren und Laufen und gilt als K\u00f6nigsdisziplin unter den Ausdauersportarten. Das Aufeinanderfolgen dieser drei Sportarten und der damit verbundenen Umstellung der Muskulatur auf die jeweilige Disziplin macht den besonderen Reiz des Triathlons aus.<\/p>\n<p style=\"text-align: center;\">Ziel der Abteilung:<\/p>\n<p style=\"text-align: center;\">Das Ziel dieser neuen Abteilung ist es Gleichgesinnte zu finden, die Spa\u00df an den einzelnen Ausdauersportarten haben. Es soll ein regelm\u00e4\u00dfiger Trainingstermin mit den derzeit existierenden Einzelsportarten gefunden werden, an dem wir unsere Ausdauer verbessern k\u00f6nnen. Neben dem Spa\u00df ist nat\u00fcrlich auch der gesundheitliche Aspekt des Triathlonsports nicht zu vernachl\u00e4ssigen, der durch die drei unterschiedlichen Disziplinen den K\u00f6rper ganzheitlich trainiert ohne einzelne Muskelgruppen einseitig zu \u00fcberfordern.<\/p>\n<p style=\"text-align: center;\">Aber ganz gleich, ob man in einigen Jahren einen Jedermann-Triathlon oder vielleicht einen IRONMAN finishen will, bei uns ist jeder willkommen.<\/p>\n<p style=\"text-align: center;\"><strong><a href=\"http:\/\/tsv-oerlenbach.de\/wp-content\/uploads\/bild-trihatlon.jpg\"><img decoding=\"async\" class=\"size-full wp-image-203\" src=\"http:\/\/tsv-oerlenbach.de\/wp-content\/uploads\/bild-trihatlon.jpg\" alt=\"bild-trihatlon\" \/><\/a><\/strong><\/p>\n","protected":false},"excerpt":{"rendered":"<p>Geschichtlicher Hintergrund: Schon im Jahr 1993 unter Gerhard Kaiser verschrieb sich eine Gruppe dem Ausdauersport und dem Triathlon beim TSV Oerlenbach. Einige kamen \u00fcber die Sprintdistanzen und manche wagten sich sogar an die halbe Ironman Distanz. Schon im ersten Jahr nahmen vier Mitglieder an insgesamt 17 Veranstaltungen teil. 1995 konnte Frau Dr. Helga Waigand 6 &hellip; <a href=\"https:\/\/tsv-oerlenbach.de\/?page_id=202\" class=\"more-link\"><span class=\"screen-reader-text\">Triathlon<\/span> weiterlesen <span class=\"meta-nav\">&rarr;<\/span><\/a><\/p>\n","protected":false},"author":1,"featured_media":0,"parent":62,"menu_order":0,"comment_status":"closed","ping_status":"closed","template":"","meta":{"footnotes":""},"class_list":["post-202","page","type-page","status-publish","hentry"],"yoast_head":"<!-- This site is optimized with the Yoast SEO plugin v27.4 - https:\/\/yoast.com\/product\/yoast-seo-wordpress\/ -->\n<title>Triathlon - Sport f\u00fcr Alle<\/title>\n<meta name=\"robots\" content=\"index, follow, max-snippet:-1, max-image-preview:large, max-video-preview:-1\" \/>\n<link rel=\"canonical\" href=\"https:\/\/tsv-oerlenbach.de\/?page_id=202\" \/>\n<meta property=\"og:locale\" content=\"de_DE\" \/>\n<meta property=\"og:type\" content=\"article\" \/>\n<meta property=\"og:title\" content=\"Triathlon - Sport f\u00fcr Alle\" \/>\n<meta property=\"og:description\" content=\"Geschichtlicher Hintergrund: Schon im Jahr 1993 unter Gerhard Kaiser verschrieb sich eine Gruppe dem Ausdauersport und dem Triathlon beim TSV Oerlenbach. Einige kamen \u00fcber die Sprintdistanzen und manche wagten sich sogar an die halbe Ironman Distanz. Schon im ersten Jahr nahmen vier Mitglieder an insgesamt 17 Veranstaltungen teil. 1995 konnte Frau Dr. Helga Waigand 6 &hellip; Triathlon weiterlesen &rarr;\" \/>\n<meta property=\"og:url\" content=\"https:\/\/tsv-oerlenbach.de\/?page_id=202\" \/>\n<meta property=\"og:site_name\" content=\"Sport f\u00fcr Alle\" \/>\n<meta property=\"article:modified_time\" content=\"2022-05-06T22:38:47+00:00\" \/>\n<meta property=\"og:image\" content=\"http:\/\/www.gif-paradies.de\/gifs\/sport\/radsport\/radsport_0003.gif\" \/>\n<meta name=\"twitter:card\" content=\"summary_large_image\" \/>\n<meta name=\"twitter:label1\" content=\"Gesch\u00e4tzte Lesezeit\" \/>\n\t<meta name=\"twitter:data1\" content=\"2\u00a0Minuten\" \/>\n<script type=\"application\/ld+json\" class=\"yoast-schema-graph\">{\"@context\":\"https:\\\/\\\/schema.org\",\"@graph\":[{\"@type\":\"WebPage\",\"@id\":\"https:\\\/\\\/tsv-oerlenbach.de\\\/?page_id=202\",\"url\":\"https:\\\/\\\/tsv-oerlenbach.de\\\/?page_id=202\",\"name\":\"Triathlon - Sport f\u00fcr Alle\",\"isPartOf\":{\"@id\":\"https:\\\/\\\/tsv-oerlenbach.de\\\/#website\"},\"primaryImageOfPage\":{\"@id\":\"https:\\\/\\\/tsv-oerlenbach.de\\\/?page_id=202#primaryimage\"},\"image\":{\"@id\":\"https:\\\/\\\/tsv-oerlenbach.de\\\/?page_id=202#primaryimage\"},\"thumbnailUrl\":\"http:\\\/\\\/www.gif-paradies.de\\\/gifs\\\/sport\\\/radsport\\\/radsport_0003.gif\",\"datePublished\":\"2014-06-10T22:53:20+00:00\",\"dateModified\":\"2022-05-06T22:38:47+00:00\",\"breadcrumb\":{\"@id\":\"https:\\\/\\\/tsv-oerlenbach.de\\\/?page_id=202#breadcrumb\"},\"inLanguage\":\"de\",\"potentialAction\":[{\"@type\":\"ReadAction\",\"target\":[\"https:\\\/\\\/tsv-oerlenbach.de\\\/?page_id=202\"]}]},{\"@type\":\"ImageObject\",\"inLanguage\":\"de\",\"@id\":\"https:\\\/\\\/tsv-oerlenbach.de\\\/?page_id=202#primaryimage\",\"url\":\"http:\\\/\\\/www.gif-paradies.de\\\/gifs\\\/sport\\\/radsport\\\/radsport_0003.gif\",\"contentUrl\":\"http:\\\/\\\/www.gif-paradies.de\\\/gifs\\\/sport\\\/radsport\\\/radsport_0003.gif\"},{\"@type\":\"BreadcrumbList\",\"@id\":\"https:\\\/\\\/tsv-oerlenbach.de\\\/?page_id=202#breadcrumb\",\"itemListElement\":[{\"@type\":\"ListItem\",\"position\":1,\"name\":\"Startseite\",\"item\":\"https:\\\/\\\/tsv-oerlenbach.de\\\/\"},{\"@type\":\"ListItem\",\"position\":2,\"name\":\"Die Abteilungen\",\"item\":\"https:\\\/\\\/tsv-oerlenbach.de\\\/?page_id=62\"},{\"@type\":\"ListItem\",\"position\":3,\"name\":\"Triathlon\"}]},{\"@type\":\"WebSite\",\"@id\":\"https:\\\/\\\/tsv-oerlenbach.de\\\/#website\",\"url\":\"https:\\\/\\\/tsv-oerlenbach.de\\\/\",\"name\":\"Sport f\u00fcr Alle\",\"description\":\"Herzlich Willkommen auf unserer Homepage!\",\"potentialAction\":[{\"@type\":\"SearchAction\",\"target\":{\"@type\":\"EntryPoint\",\"urlTemplate\":\"https:\\\/\\\/tsv-oerlenbach.de\\\/?s={search_term_string}\"},\"query-input\":{\"@type\":\"PropertyValueSpecification\",\"valueRequired\":true,\"valueName\":\"search_term_string\"}}],\"inLanguage\":\"de\"}]}<\/script>\n<!-- \/ Yoast SEO plugin. -->","yoast_head_json":{"title":"Triathlon - Sport f\u00fcr Alle","robots":{"index":"index","follow":"follow","max-snippet":"max-snippet:-1","max-image-preview":"max-image-preview:large","max-video-preview":"max-video-preview:-1"},"canonical":"https:\/\/tsv-oerlenbach.de\/?page_id=202","og_locale":"de_DE","og_type":"article","og_title":"Triathlon - Sport f\u00fcr Alle","og_description":"Geschichtlicher Hintergrund: Schon im Jahr 1993 unter Gerhard Kaiser verschrieb sich eine Gruppe dem Ausdauersport und dem Triathlon beim TSV Oerlenbach. Einige kamen \u00fcber die Sprintdistanzen und manche wagten sich sogar an die halbe Ironman Distanz. Schon im ersten Jahr nahmen vier Mitglieder an insgesamt 17 Veranstaltungen teil. 1995 konnte Frau Dr. Helga Waigand 6 &hellip; Triathlon weiterlesen &rarr;","og_url":"https:\/\/tsv-oerlenbach.de\/?page_id=202","og_site_name":"Sport f\u00fcr Alle","article_modified_time":"2022-05-06T22:38:47+00:00","og_image":[{"url":"http:\/\/www.gif-paradies.de\/gifs\/sport\/radsport\/radsport_0003.gif","type":"","width":"","height":""}],"twitter_card":"summary_large_image","twitter_misc":{"Gesch\u00e4tzte Lesezeit":"2\u00a0Minuten"},"schema":{"@context":"https:\/\/schema.org","@graph":[{"@type":"WebPage","@id":"https:\/\/tsv-oerlenbach.de\/?page_id=202","url":"https:\/\/tsv-oerlenbach.de\/?page_id=202","name":"Triathlon - Sport f\u00fcr Alle","isPartOf":{"@id":"https:\/\/tsv-oerlenbach.de\/#website"},"primaryImageOfPage":{"@id":"https:\/\/tsv-oerlenbach.de\/?page_id=202#primaryimage"},"image":{"@id":"https:\/\/tsv-oerlenbach.de\/?page_id=202#primaryimage"},"thumbnailUrl":"http:\/\/www.gif-paradies.de\/gifs\/sport\/radsport\/radsport_0003.gif","datePublished":"2014-06-10T22:53:20+00:00","dateModified":"2022-05-06T22:38:47+00:00","breadcrumb":{"@id":"https:\/\/tsv-oerlenbach.de\/?page_id=202#breadcrumb"},"inLanguage":"de","potentialAction":[{"@type":"ReadAction","target":["https:\/\/tsv-oerlenbach.de\/?page_id=202"]}]},{"@type":"ImageObject","inLanguage":"de","@id":"https:\/\/tsv-oerlenbach.de\/?page_id=202#primaryimage","url":"http:\/\/www.gif-paradies.de\/gifs\/sport\/radsport\/radsport_0003.gif","contentUrl":"http:\/\/www.gif-paradies.de\/gifs\/sport\/radsport\/radsport_0003.gif"},{"@type":"BreadcrumbList","@id":"https:\/\/tsv-oerlenbach.de\/?page_id=202#breadcrumb","itemListElement":[{"@type":"ListItem","position":1,"name":"Startseite","item":"https:\/\/tsv-oerlenbach.de\/"},{"@type":"ListItem","position":2,"name":"Die Abteilungen","item":"https:\/\/tsv-oerlenbach.de\/?page_id=62"},{"@type":"ListItem","position":3,"name":"Triathlon"}]},{"@type":"WebSite","@id":"https:\/\/tsv-oerlenbach.de\/#website","url":"https:\/\/tsv-oerlenbach.de\/","name":"Sport f\u00fcr Alle","description":"Herzlich Willkommen auf unserer Homepage!","potentialAction":[{"@type":"SearchAction","target":{"@type":"EntryPoint","urlTemplate":"https:\/\/tsv-oerlenbach.de\/?s={search_term_string}"},"query-input":{"@type":"PropertyValueSpecification","valueRequired":true,"valueName":"search_term_string"}}],"inLanguage":"de"}]}},"_links":{"self":[{"href":"https:\/\/tsv-oerlenbach.de\/index.php?rest_route=\/wp\/v2\/pages\/202","targetHints":{"allow":["GET"]}}],"collection":[{"href":"https:\/\/tsv-oerlenbach.de\/index.php?rest_route=\/wp\/v2\/pages"}],"about":[{"href":"https:\/\/tsv-oerlenbach.de\/index.php?rest_route=\/wp\/v2\/types\/page"}],"author":[{"embeddable":true,"href":"https:\/\/tsv-oerlenbach.de\/index.php?rest_route=\/wp\/v2\/users\/1"}],"replies":[{"embeddable":true,"href":"https:\/\/tsv-oerlenbach.de\/index.php?rest_route=%2Fwp%2Fv2%2Fcomments&post=202"}],"version-history":[{"count":5,"href":"https:\/\/tsv-oerlenbach.de\/index.php?rest_route=\/wp\/v2\/pages\/202\/revisions"}],"predecessor-version":[{"id":9471,"href":"https:\/\/tsv-oerlenbach.de\/index.php?rest_route=\/wp\/v2\/pages\/202\/revisions\/9471"}],"up":[{"embeddable":true,"href":"https:\/\/tsv-oerlenbach.de\/index.php?rest_route=\/wp\/v2\/pages\/62"}],"wp:attachment":[{"href":"https:\/\/tsv-oerlenbach.de\/index.php?rest_route=%2Fwp%2Fv2%2Fmedia&parent=202"}],"curies":[{"name":"wp","href":"https:\/\/api.w.org\/{rel}","templated":true}]}}