{"id":2352,"date":"2017-01-28T07:35:07","date_gmt":"2017-01-28T07:35:07","guid":{"rendered":"http:\/\/tsv-oerlenbach.de\/?page_id=2352"},"modified":"2023-10-21T08:04:17","modified_gmt":"2023-10-21T08:04:17","slug":"jahreshauptversammlung-2017","status":"publish","type":"page","link":"https:\/\/tsv-oerlenbach.de\/?page_id=2352","title":{"rendered":"Die goldene Raute mit \u00c4hre"},"content":{"rendered":"<p>&#8222;Die Ehrenamtskommission des Bayerischen Fu\u00dfball-Verbandes hat im November 1998 die &#8222;Silberne Raute&#8220; eingef\u00fchrt. Das Ziel dieses G\u00fctesiegels ist es, die BFV-Mitgliedsvereine im Verdr\u00e4ngungswettbewerb der verschiedenen Sportarten zu unterst\u00fctzen und die Arbeit in den Vereinen zu optimieren.<\/p>\n<p>Durch den Erwerb des G\u00fctesiegels &#8222;Silberne Raute&#8220;, das vergleichbar mit einer Zertifizierung in der freien Wirtschaft ist, kann der Verein nach au\u00dfen sichtbar demonstrieren, dass er in F\u00fchrung, Organisation, sozialem Engagement und in seinen Angeboten den hohen gesellschaftlichen und sportlichen Anforderungen unserer Zeit gerecht wird.&#8220;\u00a0 (Quelle: BFV)<\/p>\n<p><img decoding=\"async\" src=\"https:\/\/tsv-oerlenbach.de\/wp-content\/uploads\/Raute1.jpg\" \/><\/p>\n<p>Nachdem der TSV Oerlenbach im Jahr 2014 das G\u00fctesiegel &#8222;Silberne Raute&#8220; erhielt, konnte der Verein aufgrund langj\u00e4hriger Aufrechterhaltung des Standards in den Jahren 2017 und 2019 jeweils mit der &#8222;goldenen Raute&#8220; ausgezeichnet werden!<\/p>\n<p><a href=\"http:\/\/tsv-oerlenbach.de\/wp-content\/uploads\/Ehrung-Goldene-Raute-\u00dcberreichung.jpg\"><img loading=\"lazy\" decoding=\"async\" class=\"aligncenter size-full wp-image-2356\" src=\"http:\/\/tsv-oerlenbach.de\/wp-content\/uploads\/Ehrung-Goldene-Raute-\u00dcberreichung.jpg\" alt=\"\" width=\"3072\" height=\"2304\" srcset=\"https:\/\/tsv-oerlenbach.de\/wp-content\/uploads\/Ehrung-Goldene-Raute-\u00dcberreichung.jpg 3072w, https:\/\/tsv-oerlenbach.de\/wp-content\/uploads\/Ehrung-Goldene-Raute-\u00dcberreichung-300x225.jpg 300w, https:\/\/tsv-oerlenbach.de\/wp-content\/uploads\/Ehrung-Goldene-Raute-\u00dcberreichung-768x576.jpg 768w, https:\/\/tsv-oerlenbach.de\/wp-content\/uploads\/Ehrung-Goldene-Raute-\u00dcberreichung-1024x768.jpg 1024w\" sizes=\"auto, (max-width: 3072px) 100vw, 3072px\" \/><\/a> <a href=\"http:\/\/tsv-oerlenbach.de\/wp-content\/uploads\/Ehrung-Goldene-Raute.jpg\"><img loading=\"lazy\" decoding=\"async\" class=\"aligncenter size-full wp-image-2357\" src=\"http:\/\/tsv-oerlenbach.de\/wp-content\/uploads\/Ehrung-Goldene-Raute.jpg\" alt=\"\" width=\"3072\" height=\"2304\" srcset=\"https:\/\/tsv-oerlenbach.de\/wp-content\/uploads\/Ehrung-Goldene-Raute.jpg 3072w, https:\/\/tsv-oerlenbach.de\/wp-content\/uploads\/Ehrung-Goldene-Raute-300x225.jpg 300w, https:\/\/tsv-oerlenbach.de\/wp-content\/uploads\/Ehrung-Goldene-Raute-768x576.jpg 768w, https:\/\/tsv-oerlenbach.de\/wp-content\/uploads\/Ehrung-Goldene-Raute-1024x768.jpg 1024w\" sizes=\"auto, (max-width: 3072px) 100vw, 3072px\" \/><\/a> <a href=\"http:\/\/tsv-oerlenbach.de\/wp-content\/uploads\/Goldene-Raute.jpg\"><img loading=\"lazy\" decoding=\"async\" class=\"aligncenter size-full wp-image-2358\" src=\"http:\/\/tsv-oerlenbach.de\/wp-content\/uploads\/Goldene-Raute.jpg\" alt=\"\" width=\"1600\" height=\"900\" srcset=\"https:\/\/tsv-oerlenbach.de\/wp-content\/uploads\/Goldene-Raute.jpg 1600w, https:\/\/tsv-oerlenbach.de\/wp-content\/uploads\/Goldene-Raute-300x169.jpg 300w, https:\/\/tsv-oerlenbach.de\/wp-content\/uploads\/Goldene-Raute-768x432.jpg 768w, https:\/\/tsv-oerlenbach.de\/wp-content\/uploads\/Goldene-Raute-1024x576.jpg 1024w\" sizes=\"auto, (max-width: 1600px) 100vw, 1600px\" \/><\/a><a href=\"https:\/\/tsv-oerlenbach.de\/wp-content\/uploads\/raute.jpg\"><img loading=\"lazy\" decoding=\"async\" class=\"alignnone size-full wp-image-9157\" src=\"https:\/\/tsv-oerlenbach.de\/wp-content\/uploads\/raute.jpg\" alt=\"\" width=\"1016\" height=\"570\" srcset=\"https:\/\/tsv-oerlenbach.de\/wp-content\/uploads\/raute.jpg 1016w, https:\/\/tsv-oerlenbach.de\/wp-content\/uploads\/raute-300x168.jpg 300w, https:\/\/tsv-oerlenbach.de\/wp-content\/uploads\/raute-768x431.jpg 768w\" sizes=\"auto, (max-width: 1016px) 100vw, 1016px\" \/><\/a><\/p>\n<p><a href=\"https:\/\/tsv-oerlenbach.de\/wp-content\/uploads\/IMG_5211-scaled.jpg\"><img loading=\"lazy\" decoding=\"async\" class=\"alignnone size-full wp-image-9487\" src=\"https:\/\/tsv-oerlenbach.de\/wp-content\/uploads\/IMG_5211-scaled.jpg\" alt=\"\" width=\"2560\" height=\"1920\" srcset=\"https:\/\/tsv-oerlenbach.de\/wp-content\/uploads\/IMG_5211-scaled.jpg 2560w, https:\/\/tsv-oerlenbach.de\/wp-content\/uploads\/IMG_5211-300x225.jpg 300w, https:\/\/tsv-oerlenbach.de\/wp-content\/uploads\/IMG_5211-1024x768.jpg 1024w, https:\/\/tsv-oerlenbach.de\/wp-content\/uploads\/IMG_5211-768x576.jpg 768w, https:\/\/tsv-oerlenbach.de\/wp-content\/uploads\/IMG_5211-1536x1152.jpg 1536w, https:\/\/tsv-oerlenbach.de\/wp-content\/uploads\/IMG_5211-2048x1536.jpg 2048w\" sizes=\"auto, (max-width: 2560px) 100vw, 2560px\" \/><\/a><\/p>\n<p>In der Folge konnte der TSV Oerlenbach seine hohen Standards in der Organisations- und F\u00fchrungsstruktur sowie dem sportlichen und sozialen Angebot weiter aufrechterhalten, sodass dem Verein im Jahr 2022 die &#8222;goldene Raute mit \u00c4hre&#8220; verliehen wurde. Diese stellt in diesem Bereich die derzeit h\u00f6chstm\u00f6gliche Auszeichnung dar.\u00a0 Die Verleihung fand im Rahmen der Jahreshauptversammlung des TSV Oerlenbach im Januar 2023 statt, zu der auch der BFV-Kreisvorsitzende Rainer Lochm\u00fcller angereist ist.<\/p>\n<p>Beim BFV hei\u00dft es dazu: &#8222;Aufgrund der gro\u00dfen Akzeptanz wurde die &#8222;Silberne Raute&#8220; um die &#8222;Goldene Raute&#8220; und die &#8222;Goldene Raute mit \u00c4hre&#8220; erweitert. Die G\u00fctesiegel werden mit der Jahreszahl, in der sie erworben wurden, verliehen. Vereine, die innerhalb von f\u00fcnf Jahren die Leistungen mindestens einmal wiederholen, k\u00f6nnen im sechsten Jahr nach der Verleihung der &#8222;Silbernen Raute&#8220; die &#8222;Goldene Raute&#8220; erwerben. Vereine, die innerhalb von f\u00fcnf Jahren die Leistungen der &#8222;Goldenen Raute&#8220; wiederholen, k\u00f6nnen im elften Jahr nach der Verleihung der &#8222;Silbernen Raute&#8220;, die &#8222;Goldene Raute mit \u00c4hre&#8220; erwerben.&#8220;<\/p>\n<p><a href=\"https:\/\/tsv-oerlenbach.de\/wp-content\/uploads\/GRmAe.jpg\"><img loading=\"lazy\" decoding=\"async\" class=\"alignnone size-full wp-image-9684\" src=\"https:\/\/tsv-oerlenbach.de\/wp-content\/uploads\/GRmAe.jpg\" alt=\"\" width=\"1376\" height=\"917\" srcset=\"https:\/\/tsv-oerlenbach.de\/wp-content\/uploads\/GRmAe.jpg 1376w, https:\/\/tsv-oerlenbach.de\/wp-content\/uploads\/GRmAe-300x200.jpg 300w, https:\/\/tsv-oerlenbach.de\/wp-content\/uploads\/GRmAe-1024x682.jpg 1024w, https:\/\/tsv-oerlenbach.de\/wp-content\/uploads\/GRmAe-768x512.jpg 768w\" sizes=\"auto, (max-width: 1376px) 100vw, 1376px\" \/><\/a><\/p>\n<p>Links zu dazugeh\u00f6rigen Presse- und BFV-Artikeln:<\/p>\n<p>goldene Raute mit \u00c4hre:<\/p>\n<p><a href=\"https:\/\/www.bfv.de\/spielbetrieb-verbandsleben\/bezirke-und-kreise\/unterfranken\/rhoen\/news\/2023\/goldene-raute-mit-ahre-fur-den-tsv-oerlenbach\">https:\/\/www.bfv.de\/spielbetrieb-verbandsleben\/bezirke-und-kreise\/unterfranken\/rhoen\/news\/2023\/goldene-raute-mit-ahre-fur-den-tsv-oerlenbach<\/a><\/p>\n<p>goldene Raute:<\/p>\n<p><a href=\"https:\/\/www.bfv.de\/spielbetrieb-verbandsleben\/bezirke-und-kreise\/unterfranken\/rhoen\/news\/2020\/goldene-raute-tsv-oerlenbach\">https:\/\/www.bfv.de\/spielbetrieb-verbandsleben\/bezirke-und-kreise\/unterfranken\/rhoen\/news\/2020\/goldene-raute-tsv-oerlenbach<\/a><\/p>\n<p><a href=\"https:\/\/www.infranken.de\/lk\/bad-kissingen\/goldene-raute-fuer-den-tsv-oerlenbach-art-2474248\">https:\/\/www.infranken.de\/lk\/bad-kissingen\/goldene-raute-fuer-den-tsv-oerlenbach-art-2474248<\/a><\/p>\n","protected":false},"excerpt":{"rendered":"<p>&#8222;Die Ehrenamtskommission des Bayerischen Fu\u00dfball-Verbandes hat im November 1998 die &#8222;Silberne Raute&#8220; eingef\u00fchrt. Das Ziel dieses G\u00fctesiegels ist es, die BFV-Mitgliedsvereine im Verdr\u00e4ngungswettbewerb der verschiedenen Sportarten zu unterst\u00fctzen und die Arbeit in den Vereinen zu optimieren. Durch den Erwerb des G\u00fctesiegels &#8222;Silberne Raute&#8220;, das vergleichbar mit einer Zertifizierung in der freien Wirtschaft ist, kann der &hellip; <a href=\"https:\/\/tsv-oerlenbach.de\/?page_id=2352\" class=\"more-link\"><span class=\"screen-reader-text\">Die goldene Raute mit \u00c4hre<\/span> weiterlesen <span class=\"meta-nav\">&rarr;<\/span><\/a><\/p>\n","protected":false},"author":1,"featured_media":0,"parent":4,"menu_order":0,"comment_status":"closed","ping_status":"closed","template":"","meta":{"footnotes":""},"class_list":["post-2352","page","type-page","status-publish","hentry"],"yoast_head":"<!-- This site is optimized with the Yoast SEO plugin v27.4 - https:\/\/yoast.com\/product\/yoast-seo-wordpress\/ -->\n<title>Die goldene Raute mit \u00c4hre - Sport f\u00fcr Alle<\/title>\n<meta name=\"robots\" content=\"index, follow, max-snippet:-1, max-image-preview:large, max-video-preview:-1\" \/>\n<link rel=\"canonical\" href=\"https:\/\/tsv-oerlenbach.de\/?page_id=2352\" \/>\n<meta property=\"og:locale\" content=\"de_DE\" \/>\n<meta property=\"og:type\" content=\"article\" \/>\n<meta property=\"og:title\" content=\"Die goldene Raute mit \u00c4hre - Sport f\u00fcr Alle\" \/>\n<meta property=\"og:description\" content=\"&#8222;Die Ehrenamtskommission des Bayerischen Fu\u00dfball-Verbandes hat im November 1998 die &#8222;Silberne Raute&#8220; eingef\u00fchrt. Das Ziel dieses G\u00fctesiegels ist es, die BFV-Mitgliedsvereine im Verdr\u00e4ngungswettbewerb der verschiedenen Sportarten zu unterst\u00fctzen und die Arbeit in den Vereinen zu optimieren. Durch den Erwerb des G\u00fctesiegels &#8222;Silberne Raute&#8220;, das vergleichbar mit einer Zertifizierung in der freien Wirtschaft ist, kann der &hellip; Die goldene Raute mit \u00c4hre weiterlesen &rarr;\" \/>\n<meta property=\"og:url\" content=\"https:\/\/tsv-oerlenbach.de\/?page_id=2352\" \/>\n<meta property=\"og:site_name\" content=\"Sport f\u00fcr Alle\" \/>\n<meta property=\"article:modified_time\" content=\"2023-10-21T08:04:17+00:00\" \/>\n<meta property=\"og:image\" content=\"https:\/\/tsv-oerlenbach.de\/wp-content\/uploads\/Raute1.jpg\" \/>\n<meta name=\"twitter:card\" content=\"summary_large_image\" \/>\n<meta name=\"twitter:label1\" content=\"Gesch\u00e4tzte Lesezeit\" \/>\n\t<meta name=\"twitter:data1\" content=\"4\u00a0Minuten\" \/>\n<script type=\"application\/ld+json\" class=\"yoast-schema-graph\">{\"@context\":\"https:\\\/\\\/schema.org\",\"@graph\":[{\"@type\":\"WebPage\",\"@id\":\"https:\\\/\\\/tsv-oerlenbach.de\\\/?page_id=2352\",\"url\":\"https:\\\/\\\/tsv-oerlenbach.de\\\/?page_id=2352\",\"name\":\"Die goldene Raute mit \u00c4hre - Sport f\u00fcr Alle\",\"isPartOf\":{\"@id\":\"https:\\\/\\\/tsv-oerlenbach.de\\\/#website\"},\"primaryImageOfPage\":{\"@id\":\"https:\\\/\\\/tsv-oerlenbach.de\\\/?page_id=2352#primaryimage\"},\"image\":{\"@id\":\"https:\\\/\\\/tsv-oerlenbach.de\\\/?page_id=2352#primaryimage\"},\"thumbnailUrl\":\"https:\\\/\\\/tsv-oerlenbach.de\\\/wp-content\\\/uploads\\\/Raute1.jpg\",\"datePublished\":\"2017-01-28T07:35:07+00:00\",\"dateModified\":\"2023-10-21T08:04:17+00:00\",\"breadcrumb\":{\"@id\":\"https:\\\/\\\/tsv-oerlenbach.de\\\/?page_id=2352#breadcrumb\"},\"inLanguage\":\"de\",\"potentialAction\":[{\"@type\":\"ReadAction\",\"target\":[\"https:\\\/\\\/tsv-oerlenbach.de\\\/?page_id=2352\"]}]},{\"@type\":\"ImageObject\",\"inLanguage\":\"de\",\"@id\":\"https:\\\/\\\/tsv-oerlenbach.de\\\/?page_id=2352#primaryimage\",\"url\":\"https:\\\/\\\/tsv-oerlenbach.de\\\/wp-content\\\/uploads\\\/Raute1.jpg\",\"contentUrl\":\"https:\\\/\\\/tsv-oerlenbach.de\\\/wp-content\\\/uploads\\\/Raute1.jpg\"},{\"@type\":\"BreadcrumbList\",\"@id\":\"https:\\\/\\\/tsv-oerlenbach.de\\\/?page_id=2352#breadcrumb\",\"itemListElement\":[{\"@type\":\"ListItem\",\"position\":1,\"name\":\"Startseite\",\"item\":\"https:\\\/\\\/tsv-oerlenbach.de\\\/\"},{\"@type\":\"ListItem\",\"position\":2,\"name\":\"Der Verein\",\"item\":\"https:\\\/\\\/tsv-oerlenbach.de\\\/?page_id=4\"},{\"@type\":\"ListItem\",\"position\":3,\"name\":\"Die goldene Raute mit \u00c4hre\"}]},{\"@type\":\"WebSite\",\"@id\":\"https:\\\/\\\/tsv-oerlenbach.de\\\/#website\",\"url\":\"https:\\\/\\\/tsv-oerlenbach.de\\\/\",\"name\":\"Sport f\u00fcr Alle\",\"description\":\"Herzlich Willkommen auf unserer Homepage!\",\"potentialAction\":[{\"@type\":\"SearchAction\",\"target\":{\"@type\":\"EntryPoint\",\"urlTemplate\":\"https:\\\/\\\/tsv-oerlenbach.de\\\/?s={search_term_string}\"},\"query-input\":{\"@type\":\"PropertyValueSpecification\",\"valueRequired\":true,\"valueName\":\"search_term_string\"}}],\"inLanguage\":\"de\"}]}<\/script>\n<!-- \/ Yoast SEO plugin. -->","yoast_head_json":{"title":"Die goldene Raute mit \u00c4hre - Sport f\u00fcr Alle","robots":{"index":"index","follow":"follow","max-snippet":"max-snippet:-1","max-image-preview":"max-image-preview:large","max-video-preview":"max-video-preview:-1"},"canonical":"https:\/\/tsv-oerlenbach.de\/?page_id=2352","og_locale":"de_DE","og_type":"article","og_title":"Die goldene Raute mit \u00c4hre - Sport f\u00fcr Alle","og_description":"&#8222;Die Ehrenamtskommission des Bayerischen Fu\u00dfball-Verbandes hat im November 1998 die &#8222;Silberne Raute&#8220; eingef\u00fchrt. Das Ziel dieses G\u00fctesiegels ist es, die BFV-Mitgliedsvereine im Verdr\u00e4ngungswettbewerb der verschiedenen Sportarten zu unterst\u00fctzen und die Arbeit in den Vereinen zu optimieren. Durch den Erwerb des G\u00fctesiegels &#8222;Silberne Raute&#8220;, das vergleichbar mit einer Zertifizierung in der freien Wirtschaft ist, kann der &hellip; Die goldene Raute mit \u00c4hre weiterlesen &rarr;","og_url":"https:\/\/tsv-oerlenbach.de\/?page_id=2352","og_site_name":"Sport f\u00fcr Alle","article_modified_time":"2023-10-21T08:04:17+00:00","og_image":[{"url":"https:\/\/tsv-oerlenbach.de\/wp-content\/uploads\/Raute1.jpg","type":"","width":"","height":""}],"twitter_card":"summary_large_image","twitter_misc":{"Gesch\u00e4tzte Lesezeit":"4\u00a0Minuten"},"schema":{"@context":"https:\/\/schema.org","@graph":[{"@type":"WebPage","@id":"https:\/\/tsv-oerlenbach.de\/?page_id=2352","url":"https:\/\/tsv-oerlenbach.de\/?page_id=2352","name":"Die goldene Raute mit \u00c4hre - Sport f\u00fcr Alle","isPartOf":{"@id":"https:\/\/tsv-oerlenbach.de\/#website"},"primaryImageOfPage":{"@id":"https:\/\/tsv-oerlenbach.de\/?page_id=2352#primaryimage"},"image":{"@id":"https:\/\/tsv-oerlenbach.de\/?page_id=2352#primaryimage"},"thumbnailUrl":"https:\/\/tsv-oerlenbach.de\/wp-content\/uploads\/Raute1.jpg","datePublished":"2017-01-28T07:35:07+00:00","dateModified":"2023-10-21T08:04:17+00:00","breadcrumb":{"@id":"https:\/\/tsv-oerlenbach.de\/?page_id=2352#breadcrumb"},"inLanguage":"de","potentialAction":[{"@type":"ReadAction","target":["https:\/\/tsv-oerlenbach.de\/?page_id=2352"]}]},{"@type":"ImageObject","inLanguage":"de","@id":"https:\/\/tsv-oerlenbach.de\/?page_id=2352#primaryimage","url":"https:\/\/tsv-oerlenbach.de\/wp-content\/uploads\/Raute1.jpg","contentUrl":"https:\/\/tsv-oerlenbach.de\/wp-content\/uploads\/Raute1.jpg"},{"@type":"BreadcrumbList","@id":"https:\/\/tsv-oerlenbach.de\/?page_id=2352#breadcrumb","itemListElement":[{"@type":"ListItem","position":1,"name":"Startseite","item":"https:\/\/tsv-oerlenbach.de\/"},{"@type":"ListItem","position":2,"name":"Der Verein","item":"https:\/\/tsv-oerlenbach.de\/?page_id=4"},{"@type":"ListItem","position":3,"name":"Die goldene Raute mit \u00c4hre"}]},{"@type":"WebSite","@id":"https:\/\/tsv-oerlenbach.de\/#website","url":"https:\/\/tsv-oerlenbach.de\/","name":"Sport f\u00fcr Alle","description":"Herzlich Willkommen auf unserer Homepage!","potentialAction":[{"@type":"SearchAction","target":{"@type":"EntryPoint","urlTemplate":"https:\/\/tsv-oerlenbach.de\/?s={search_term_string}"},"query-input":{"@type":"PropertyValueSpecification","valueRequired":true,"valueName":"search_term_string"}}],"inLanguage":"de"}]}},"_links":{"self":[{"href":"https:\/\/tsv-oerlenbach.de\/index.php?rest_route=\/wp\/v2\/pages\/2352","targetHints":{"allow":["GET"]}}],"collection":[{"href":"https:\/\/tsv-oerlenbach.de\/index.php?rest_route=\/wp\/v2\/pages"}],"about":[{"href":"https:\/\/tsv-oerlenbach.de\/index.php?rest_route=\/wp\/v2\/types\/page"}],"author":[{"embeddable":true,"href":"https:\/\/tsv-oerlenbach.de\/index.php?rest_route=\/wp\/v2\/users\/1"}],"replies":[{"embeddable":true,"href":"https:\/\/tsv-oerlenbach.de\/index.php?rest_route=%2Fwp%2Fv2%2Fcomments&post=2352"}],"version-history":[{"count":8,"href":"https:\/\/tsv-oerlenbach.de\/index.php?rest_route=\/wp\/v2\/pages\/2352\/revisions"}],"predecessor-version":[{"id":9686,"href":"https:\/\/tsv-oerlenbach.de\/index.php?rest_route=\/wp\/v2\/pages\/2352\/revisions\/9686"}],"up":[{"embeddable":true,"href":"https:\/\/tsv-oerlenbach.de\/index.php?rest_route=\/wp\/v2\/pages\/4"}],"wp:attachment":[{"href":"https:\/\/tsv-oerlenbach.de\/index.php?rest_route=%2Fwp%2Fv2%2Fmedia&parent=2352"}],"curies":[{"name":"wp","href":"https:\/\/api.w.org\/{rel}","templated":true}]}}