{"id":2476,"date":"2017-04-18T17:48:15","date_gmt":"2017-04-18T17:48:15","guid":{"rendered":"http:\/\/tsv-oerlenbach.de\/?page_id=2476"},"modified":"2022-09-25T11:43:09","modified_gmt":"2022-09-25T11:43:09","slug":"sportlerehrung-2017","status":"publish","type":"page","link":"https:\/\/tsv-oerlenbach.de\/?page_id=2476","title":{"rendered":"Sportlerehrungen"},"content":{"rendered":"<p>Im Rahmen des Gro\u00dfgemeinde-Sporttages, der am 24.09.2022 anl\u00e4sslich des 50j\u00e4hrigen Bestehens der Einheitsgemeinde Oerlenbach stattfand, wurde auch die diesj\u00e4hrige Sportlerehrung durch B\u00fcrgermeister Nico Rogge durchgef\u00fchrt. Die Ehrung bezog sich auf die erzielten sportlichen Erfolge aus den Kalenderjahren 2020 und 2021 (letztes Jahr fand pandemiebedingt keine Sportlerehrung statt und wurde dieses Jahr mit nachgeholt).<\/p>\n<p>Dabei m\u00f6chten wir allen Geehrten an dieser Stelle unsere Gl\u00fcckw\u00fcnsche aussprechen!<\/p>\n<p><a href=\"https:\/\/tsv-oerlenbach.de\/wp-content\/uploads\/Sportlerehrung2022_1.jpg\"><img loading=\"lazy\" decoding=\"async\" class=\"size-full wp-image-9540 aligncenter\" src=\"https:\/\/tsv-oerlenbach.de\/wp-content\/uploads\/Sportlerehrung2022_1.jpg\" alt=\"\" width=\"960\" height=\"720\" srcset=\"https:\/\/tsv-oerlenbach.de\/wp-content\/uploads\/Sportlerehrung2022_1.jpg 960w, https:\/\/tsv-oerlenbach.de\/wp-content\/uploads\/Sportlerehrung2022_1-300x225.jpg 300w, https:\/\/tsv-oerlenbach.de\/wp-content\/uploads\/Sportlerehrung2022_1-768x576.jpg 768w\" sizes=\"auto, (max-width: 960px) 100vw, 960px\" \/><\/a><\/p>\n<p>Besonders stolz sind wir nat\u00fcrlich auf die geehrten Sportler des TSV Oerlenbach. Wir gratulieren daher besonders unseren Keglern als Mannschaft, die mehrere Male als Meister aufgestiegen sind, sowie Tandem (Frank und Moritz M\u00fctzel) und Einzel (Moritz M\u00fctzel und Bernd Bieber. Letzterer nicht im Bild).<\/p>\n<p><a href=\"https:\/\/tsv-oerlenbach.de\/wp-content\/uploads\/Sportlerehrung2022_2.jpg\"><img loading=\"lazy\" decoding=\"async\" class=\"alignnone size-full wp-image-9541\" src=\"https:\/\/tsv-oerlenbach.de\/wp-content\/uploads\/Sportlerehrung2022_2.jpg\" alt=\"\" width=\"2048\" height=\"1536\" srcset=\"https:\/\/tsv-oerlenbach.de\/wp-content\/uploads\/Sportlerehrung2022_2.jpg 2048w, https:\/\/tsv-oerlenbach.de\/wp-content\/uploads\/Sportlerehrung2022_2-300x225.jpg 300w, https:\/\/tsv-oerlenbach.de\/wp-content\/uploads\/Sportlerehrung2022_2-1024x768.jpg 1024w, https:\/\/tsv-oerlenbach.de\/wp-content\/uploads\/Sportlerehrung2022_2-768x576.jpg 768w, https:\/\/tsv-oerlenbach.de\/wp-content\/uploads\/Sportlerehrung2022_2-1536x1152.jpg 1536w\" sizes=\"auto, (max-width: 2048px) 100vw, 2048px\" \/><\/a><\/p>\n<p>&nbsp;<\/p>\n<p>__________________________________________________________________________<\/p>\n<p>Immer wieder konnten sowohl Einzel- als auch Mannschaftssportler des TSV Oerlenbach herausragende Erfolge erzielen und wurden hierf\u00fcr zurecht f\u00fcr Ihre Erfolge und auch Ihr Engagement geehrt!<\/p>\n<p><a href=\"http:\/\/tsv-oerlenbach.de\/wp-content\/uploads\/IMG-20170417-WA0002.jpg\"><img loading=\"lazy\" decoding=\"async\" class=\"aligncenter size-full wp-image-2478\" src=\"http:\/\/tsv-oerlenbach.de\/wp-content\/uploads\/IMG-20170417-WA0002.jpg\" alt=\"\" width=\"720\" height=\"1280\" srcset=\"https:\/\/tsv-oerlenbach.de\/wp-content\/uploads\/IMG-20170417-WA0002.jpg 720w, https:\/\/tsv-oerlenbach.de\/wp-content\/uploads\/IMG-20170417-WA0002-169x300.jpg 169w, https:\/\/tsv-oerlenbach.de\/wp-content\/uploads\/IMG-20170417-WA0002-576x1024.jpg 576w\" sizes=\"auto, (max-width: 720px) 100vw, 720px\" \/><\/a> <a href=\"http:\/\/tsv-oerlenbach.de\/wp-content\/uploads\/IMG-20170417-WA0003.jpg\"><img loading=\"lazy\" decoding=\"async\" class=\"aligncenter size-full wp-image-2479\" src=\"http:\/\/tsv-oerlenbach.de\/wp-content\/uploads\/IMG-20170417-WA0003.jpg\" alt=\"\" width=\"720\" height=\"1280\" srcset=\"https:\/\/tsv-oerlenbach.de\/wp-content\/uploads\/IMG-20170417-WA0003.jpg 720w, https:\/\/tsv-oerlenbach.de\/wp-content\/uploads\/IMG-20170417-WA0003-169x300.jpg 169w, https:\/\/tsv-oerlenbach.de\/wp-content\/uploads\/IMG-20170417-WA0003-576x1024.jpg 576w\" sizes=\"auto, (max-width: 720px) 100vw, 720px\" \/><\/a> <a href=\"http:\/\/tsv-oerlenbach.de\/wp-content\/uploads\/IMG-20170417-WA0005.jpg\"><img loading=\"lazy\" decoding=\"async\" class=\"aligncenter size-full wp-image-2480\" src=\"http:\/\/tsv-oerlenbach.de\/wp-content\/uploads\/IMG-20170417-WA0005.jpg\" alt=\"\" width=\"720\" height=\"1280\" srcset=\"https:\/\/tsv-oerlenbach.de\/wp-content\/uploads\/IMG-20170417-WA0005.jpg 720w, https:\/\/tsv-oerlenbach.de\/wp-content\/uploads\/IMG-20170417-WA0005-169x300.jpg 169w, https:\/\/tsv-oerlenbach.de\/wp-content\/uploads\/IMG-20170417-WA0005-576x1024.jpg 576w\" sizes=\"auto, (max-width: 720px) 100vw, 720px\" \/><\/a> <a href=\"http:\/\/tsv-oerlenbach.de\/wp-content\/uploads\/IMG-20170417-WA0006.jpg\"><img loading=\"lazy\" decoding=\"async\" class=\"aligncenter size-full wp-image-2481\" src=\"http:\/\/tsv-oerlenbach.de\/wp-content\/uploads\/IMG-20170417-WA0006.jpg\" alt=\"\" width=\"1280\" height=\"720\" srcset=\"https:\/\/tsv-oerlenbach.de\/wp-content\/uploads\/IMG-20170417-WA0006.jpg 1280w, https:\/\/tsv-oerlenbach.de\/wp-content\/uploads\/IMG-20170417-WA0006-300x169.jpg 300w, https:\/\/tsv-oerlenbach.de\/wp-content\/uploads\/IMG-20170417-WA0006-768x432.jpg 768w, https:\/\/tsv-oerlenbach.de\/wp-content\/uploads\/IMG-20170417-WA0006-1024x576.jpg 1024w\" sizes=\"auto, (max-width: 1280px) 100vw, 1280px\" \/><\/a> <a href=\"http:\/\/tsv-oerlenbach.de\/wp-content\/uploads\/IMG-20170417-WA0009.jpg\"><img loading=\"lazy\" decoding=\"async\" class=\"aligncenter size-full wp-image-2482\" src=\"http:\/\/tsv-oerlenbach.de\/wp-content\/uploads\/IMG-20170417-WA0009.jpg\" alt=\"\" width=\"720\" height=\"1280\" srcset=\"https:\/\/tsv-oerlenbach.de\/wp-content\/uploads\/IMG-20170417-WA0009.jpg 720w, https:\/\/tsv-oerlenbach.de\/wp-content\/uploads\/IMG-20170417-WA0009-169x300.jpg 169w, https:\/\/tsv-oerlenbach.de\/wp-content\/uploads\/IMG-20170417-WA0009-576x1024.jpg 576w\" sizes=\"auto, (max-width: 720px) 100vw, 720px\" \/><\/a><\/p>\n","protected":false},"excerpt":{"rendered":"<p>Im Rahmen des Gro\u00dfgemeinde-Sporttages, der am 24.09.2022 anl\u00e4sslich des 50j\u00e4hrigen Bestehens der Einheitsgemeinde Oerlenbach stattfand, wurde auch die diesj\u00e4hrige Sportlerehrung durch B\u00fcrgermeister Nico Rogge durchgef\u00fchrt. Die Ehrung bezog sich auf die erzielten sportlichen Erfolge aus den Kalenderjahren 2020 und 2021 (letztes Jahr fand pandemiebedingt keine Sportlerehrung statt und wurde dieses Jahr mit nachgeholt). Dabei m\u00f6chten &hellip; <a href=\"https:\/\/tsv-oerlenbach.de\/?page_id=2476\" class=\"more-link\"><span class=\"screen-reader-text\">Sportlerehrungen<\/span> weiterlesen <span class=\"meta-nav\">&rarr;<\/span><\/a><\/p>\n","protected":false},"author":1,"featured_media":0,"parent":259,"menu_order":0,"comment_status":"closed","ping_status":"closed","template":"","meta":{"footnotes":""},"class_list":["post-2476","page","type-page","status-publish","hentry"],"yoast_head":"<!-- This site is optimized with the Yoast SEO plugin v27.5 - https:\/\/yoast.com\/product\/yoast-seo-wordpress\/ -->\n<title>Sportlerehrungen - Sport f\u00fcr Alle<\/title>\n<meta name=\"robots\" content=\"index, follow, max-snippet:-1, max-image-preview:large, max-video-preview:-1\" \/>\n<link rel=\"canonical\" href=\"https:\/\/tsv-oerlenbach.de\/?page_id=2476\" \/>\n<meta property=\"og:locale\" content=\"de_DE\" \/>\n<meta property=\"og:type\" content=\"article\" \/>\n<meta property=\"og:title\" content=\"Sportlerehrungen - Sport f\u00fcr Alle\" \/>\n<meta property=\"og:description\" content=\"Im Rahmen des Gro\u00dfgemeinde-Sporttages, der am 24.09.2022 anl\u00e4sslich des 50j\u00e4hrigen Bestehens der Einheitsgemeinde Oerlenbach stattfand, wurde auch die diesj\u00e4hrige Sportlerehrung durch B\u00fcrgermeister Nico Rogge durchgef\u00fchrt. Die Ehrung bezog sich auf die erzielten sportlichen Erfolge aus den Kalenderjahren 2020 und 2021 (letztes Jahr fand pandemiebedingt keine Sportlerehrung statt und wurde dieses Jahr mit nachgeholt). Dabei m\u00f6chten &hellip; Sportlerehrungen weiterlesen &rarr;\" \/>\n<meta property=\"og:url\" content=\"https:\/\/tsv-oerlenbach.de\/?page_id=2476\" \/>\n<meta property=\"og:site_name\" content=\"Sport f\u00fcr Alle\" \/>\n<meta property=\"article:modified_time\" content=\"2022-09-25T11:43:09+00:00\" \/>\n<meta property=\"og:image\" content=\"https:\/\/tsv-oerlenbach.de\/wp-content\/uploads\/Sportlerehrung2022_1.jpg\" \/>\n<meta name=\"twitter:card\" content=\"summary_large_image\" \/>\n<meta name=\"twitter:label1\" content=\"Gesch\u00e4tzte Lesezeit\" \/>\n\t<meta name=\"twitter:data1\" content=\"3\u00a0Minuten\" \/>\n<script type=\"application\/ld+json\" class=\"yoast-schema-graph\">{\"@context\":\"https:\\\/\\\/schema.org\",\"@graph\":[{\"@type\":\"WebPage\",\"@id\":\"https:\\\/\\\/tsv-oerlenbach.de\\\/?page_id=2476\",\"url\":\"https:\\\/\\\/tsv-oerlenbach.de\\\/?page_id=2476\",\"name\":\"Sportlerehrungen - Sport f\u00fcr Alle\",\"isPartOf\":{\"@id\":\"https:\\\/\\\/tsv-oerlenbach.de\\\/#website\"},\"primaryImageOfPage\":{\"@id\":\"https:\\\/\\\/tsv-oerlenbach.de\\\/?page_id=2476#primaryimage\"},\"image\":{\"@id\":\"https:\\\/\\\/tsv-oerlenbach.de\\\/?page_id=2476#primaryimage\"},\"thumbnailUrl\":\"https:\\\/\\\/tsv-oerlenbach.de\\\/wp-content\\\/uploads\\\/Sportlerehrung2022_1.jpg\",\"datePublished\":\"2017-04-18T17:48:15+00:00\",\"dateModified\":\"2022-09-25T11:43:09+00:00\",\"breadcrumb\":{\"@id\":\"https:\\\/\\\/tsv-oerlenbach.de\\\/?page_id=2476#breadcrumb\"},\"inLanguage\":\"de\",\"potentialAction\":[{\"@type\":\"ReadAction\",\"target\":[\"https:\\\/\\\/tsv-oerlenbach.de\\\/?page_id=2476\"]}]},{\"@type\":\"ImageObject\",\"inLanguage\":\"de\",\"@id\":\"https:\\\/\\\/tsv-oerlenbach.de\\\/?page_id=2476#primaryimage\",\"url\":\"https:\\\/\\\/tsv-oerlenbach.de\\\/wp-content\\\/uploads\\\/Sportlerehrung2022_1.jpg\",\"contentUrl\":\"https:\\\/\\\/tsv-oerlenbach.de\\\/wp-content\\\/uploads\\\/Sportlerehrung2022_1.jpg\",\"width\":960,\"height\":720},{\"@type\":\"BreadcrumbList\",\"@id\":\"https:\\\/\\\/tsv-oerlenbach.de\\\/?page_id=2476#breadcrumb\",\"itemListElement\":[{\"@type\":\"ListItem\",\"position\":1,\"name\":\"Startseite\",\"item\":\"https:\\\/\\\/tsv-oerlenbach.de\\\/\"},{\"@type\":\"ListItem\",\"position\":2,\"name\":\"Der Verein\",\"item\":\"https:\\\/\\\/tsv-oerlenbach.de\\\/?page_id=4\"},{\"@type\":\"ListItem\",\"position\":3,\"name\":\"Highlights\",\"item\":\"https:\\\/\\\/tsv-oerlenbach.de\\\/?page_id=259\"},{\"@type\":\"ListItem\",\"position\":4,\"name\":\"Sportlerehrungen\"}]},{\"@type\":\"WebSite\",\"@id\":\"https:\\\/\\\/tsv-oerlenbach.de\\\/#website\",\"url\":\"https:\\\/\\\/tsv-oerlenbach.de\\\/\",\"name\":\"Sport f\u00fcr Alle\",\"description\":\"Herzlich Willkommen auf unserer Homepage!\",\"potentialAction\":[{\"@type\":\"SearchAction\",\"target\":{\"@type\":\"EntryPoint\",\"urlTemplate\":\"https:\\\/\\\/tsv-oerlenbach.de\\\/?s={search_term_string}\"},\"query-input\":{\"@type\":\"PropertyValueSpecification\",\"valueRequired\":true,\"valueName\":\"search_term_string\"}}],\"inLanguage\":\"de\"}]}<\/script>\n<!-- \/ Yoast SEO plugin. -->","yoast_head_json":{"title":"Sportlerehrungen - Sport f\u00fcr Alle","robots":{"index":"index","follow":"follow","max-snippet":"max-snippet:-1","max-image-preview":"max-image-preview:large","max-video-preview":"max-video-preview:-1"},"canonical":"https:\/\/tsv-oerlenbach.de\/?page_id=2476","og_locale":"de_DE","og_type":"article","og_title":"Sportlerehrungen - Sport f\u00fcr Alle","og_description":"Im Rahmen des Gro\u00dfgemeinde-Sporttages, der am 24.09.2022 anl\u00e4sslich des 50j\u00e4hrigen Bestehens der Einheitsgemeinde Oerlenbach stattfand, wurde auch die diesj\u00e4hrige Sportlerehrung durch B\u00fcrgermeister Nico Rogge durchgef\u00fchrt. Die Ehrung bezog sich auf die erzielten sportlichen Erfolge aus den Kalenderjahren 2020 und 2021 (letztes Jahr fand pandemiebedingt keine Sportlerehrung statt und wurde dieses Jahr mit nachgeholt). Dabei m\u00f6chten &hellip; Sportlerehrungen weiterlesen &rarr;","og_url":"https:\/\/tsv-oerlenbach.de\/?page_id=2476","og_site_name":"Sport f\u00fcr Alle","article_modified_time":"2022-09-25T11:43:09+00:00","og_image":[{"url":"https:\/\/tsv-oerlenbach.de\/wp-content\/uploads\/Sportlerehrung2022_1.jpg","type":"","width":"","height":""}],"twitter_card":"summary_large_image","twitter_misc":{"Gesch\u00e4tzte Lesezeit":"3\u00a0Minuten"},"schema":{"@context":"https:\/\/schema.org","@graph":[{"@type":"WebPage","@id":"https:\/\/tsv-oerlenbach.de\/?page_id=2476","url":"https:\/\/tsv-oerlenbach.de\/?page_id=2476","name":"Sportlerehrungen - Sport f\u00fcr Alle","isPartOf":{"@id":"https:\/\/tsv-oerlenbach.de\/#website"},"primaryImageOfPage":{"@id":"https:\/\/tsv-oerlenbach.de\/?page_id=2476#primaryimage"},"image":{"@id":"https:\/\/tsv-oerlenbach.de\/?page_id=2476#primaryimage"},"thumbnailUrl":"https:\/\/tsv-oerlenbach.de\/wp-content\/uploads\/Sportlerehrung2022_1.jpg","datePublished":"2017-04-18T17:48:15+00:00","dateModified":"2022-09-25T11:43:09+00:00","breadcrumb":{"@id":"https:\/\/tsv-oerlenbach.de\/?page_id=2476#breadcrumb"},"inLanguage":"de","potentialAction":[{"@type":"ReadAction","target":["https:\/\/tsv-oerlenbach.de\/?page_id=2476"]}]},{"@type":"ImageObject","inLanguage":"de","@id":"https:\/\/tsv-oerlenbach.de\/?page_id=2476#primaryimage","url":"https:\/\/tsv-oerlenbach.de\/wp-content\/uploads\/Sportlerehrung2022_1.jpg","contentUrl":"https:\/\/tsv-oerlenbach.de\/wp-content\/uploads\/Sportlerehrung2022_1.jpg","width":960,"height":720},{"@type":"BreadcrumbList","@id":"https:\/\/tsv-oerlenbach.de\/?page_id=2476#breadcrumb","itemListElement":[{"@type":"ListItem","position":1,"name":"Startseite","item":"https:\/\/tsv-oerlenbach.de\/"},{"@type":"ListItem","position":2,"name":"Der Verein","item":"https:\/\/tsv-oerlenbach.de\/?page_id=4"},{"@type":"ListItem","position":3,"name":"Highlights","item":"https:\/\/tsv-oerlenbach.de\/?page_id=259"},{"@type":"ListItem","position":4,"name":"Sportlerehrungen"}]},{"@type":"WebSite","@id":"https:\/\/tsv-oerlenbach.de\/#website","url":"https:\/\/tsv-oerlenbach.de\/","name":"Sport f\u00fcr Alle","description":"Herzlich Willkommen auf unserer Homepage!","potentialAction":[{"@type":"SearchAction","target":{"@type":"EntryPoint","urlTemplate":"https:\/\/tsv-oerlenbach.de\/?s={search_term_string}"},"query-input":{"@type":"PropertyValueSpecification","valueRequired":true,"valueName":"search_term_string"}}],"inLanguage":"de"}]}},"_links":{"self":[{"href":"https:\/\/tsv-oerlenbach.de\/index.php?rest_route=\/wp\/v2\/pages\/2476","targetHints":{"allow":["GET"]}}],"collection":[{"href":"https:\/\/tsv-oerlenbach.de\/index.php?rest_route=\/wp\/v2\/pages"}],"about":[{"href":"https:\/\/tsv-oerlenbach.de\/index.php?rest_route=\/wp\/v2\/types\/page"}],"author":[{"embeddable":true,"href":"https:\/\/tsv-oerlenbach.de\/index.php?rest_route=\/wp\/v2\/users\/1"}],"replies":[{"embeddable":true,"href":"https:\/\/tsv-oerlenbach.de\/index.php?rest_route=%2Fwp%2Fv2%2Fcomments&post=2476"}],"version-history":[{"count":4,"href":"https:\/\/tsv-oerlenbach.de\/index.php?rest_route=\/wp\/v2\/pages\/2476\/revisions"}],"predecessor-version":[{"id":9548,"href":"https:\/\/tsv-oerlenbach.de\/index.php?rest_route=\/wp\/v2\/pages\/2476\/revisions\/9548"}],"up":[{"embeddable":true,"href":"https:\/\/tsv-oerlenbach.de\/index.php?rest_route=\/wp\/v2\/pages\/259"}],"wp:attachment":[{"href":"https:\/\/tsv-oerlenbach.de\/index.php?rest_route=%2Fwp%2Fv2%2Fmedia&parent=2476"}],"curies":[{"name":"wp","href":"https:\/\/api.w.org\/{rel}","templated":true}]}}