{"id":9181,"date":"2020-03-16T22:36:56","date_gmt":"2020-03-16T22:36:56","guid":{"rendered":"https:\/\/www.tsv-oerlenbach.de\/?page_id=9181"},"modified":"2020-03-16T22:36:56","modified_gmt":"2020-03-16T22:36:56","slug":"auszeichnungen","status":"publish","type":"page","link":"https:\/\/tsv-oerlenbach.de\/?page_id=9181","title":{"rendered":"Auszeichnungen"},"content":{"rendered":"<p>Bei der JHV 2020 waren auch Kreisehrenamtsbeauftragter Klaus Eisenmann sowie der Kreisvorsitzende des BFV, Rainer Lochm\u00fcller, anwesend. Und das auch aus einem besonderen Anlass (eigentlich sogar zwei!)<br \/>\nZum wiederholten Male wurde der TSV Oerlenbach mit der &#8222;goldenen Raute&#8220; bedacht, einem G\u00fctesiegel, das zeigt, dass der Verein in &#8222;F\u00fchrung, Organisation, sozialem Engagement und in seinen Angeboten den hohen gesellschaftlichen und sportlichen Anforderungen unserer Zeit gerecht wird.&#8220;<\/p>\n<p><a href=\"https:\/\/tsv-oerlenbach.de\/wp-content\/uploads\/raute.jpg\"><img loading=\"lazy\" decoding=\"async\" class=\"alignnone size-medium wp-image-9157\" src=\"https:\/\/tsv-oerlenbach.de\/wp-content\/uploads\/raute-300x168.jpg\" alt=\"\" width=\"300\" height=\"168\" srcset=\"https:\/\/tsv-oerlenbach.de\/wp-content\/uploads\/raute-300x168.jpg 300w, https:\/\/tsv-oerlenbach.de\/wp-content\/uploads\/raute-768x431.jpg 768w, https:\/\/tsv-oerlenbach.de\/wp-content\/uploads\/raute.jpg 1016w\" sizes=\"auto, (max-width: 300px) 100vw, 300px\" \/><\/a><\/p>\n<p>Au\u00dferdem hat der BFV Ende 2019 einige besondere &#8222;Fu\u00dfballfamilien&#8220; ausgezeichnet, also Familien, deren Mitglieder ein besonders hohes Ma\u00df an ehrenamtlichen T\u00e4tigkeiten aus\u00fcben. Hier wurde Familie Schmitt geehrt, f\u00fcr deren Engagement sich der TSV Oerlenbach wirklich gl\u00fccklich sch\u00e4tzen kann!<br \/>\nEinen ausf\u00fchrlichen Bericht zu beiden Anl\u00e4ssen gab es in der Lokalpresse<\/p>\n<p><a href=\"https:\/\/tsv-oerlenbach.de\/wp-content\/uploads\/schmitt.jpg\"><img loading=\"lazy\" decoding=\"async\" class=\"alignnone size-medium wp-image-9158\" src=\"https:\/\/tsv-oerlenbach.de\/wp-content\/uploads\/schmitt-300x170.jpg\" alt=\"\" width=\"300\" height=\"170\" srcset=\"https:\/\/tsv-oerlenbach.de\/wp-content\/uploads\/schmitt-300x170.jpg 300w, https:\/\/tsv-oerlenbach.de\/wp-content\/uploads\/schmitt-768x434.jpg 768w, https:\/\/tsv-oerlenbach.de\/wp-content\/uploads\/schmitt.jpg 1005w\" sizes=\"auto, (max-width: 300px) 100vw, 300px\" \/><\/a><\/p>\n","protected":false},"excerpt":{"rendered":"<p>Bei der JHV 2020 waren auch Kreisehrenamtsbeauftragter Klaus Eisenmann sowie der Kreisvorsitzende des BFV, Rainer Lochm\u00fcller, anwesend. Und das auch aus einem besonderen Anlass (eigentlich sogar zwei!) Zum wiederholten Male wurde der TSV Oerlenbach mit der &#8222;goldenen Raute&#8220; bedacht, einem G\u00fctesiegel, das zeigt, dass der Verein in &#8222;F\u00fchrung, Organisation, sozialem Engagement und in seinen Angeboten &hellip; <a href=\"https:\/\/tsv-oerlenbach.de\/?page_id=9181\" class=\"more-link\"><span class=\"screen-reader-text\">Auszeichnungen<\/span> weiterlesen <span class=\"meta-nav\">&rarr;<\/span><\/a><\/p>\n","protected":false},"author":3,"featured_media":0,"parent":50,"menu_order":0,"comment_status":"closed","ping_status":"closed","template":"","meta":{"footnotes":""},"class_list":["post-9181","page","type-page","status-publish","hentry"],"yoast_head":"<!-- This site is optimized with the Yoast SEO plugin v27.4 - https:\/\/yoast.com\/product\/yoast-seo-wordpress\/ -->\n<title>Auszeichnungen - Sport f\u00fcr Alle<\/title>\n<meta name=\"robots\" content=\"index, follow, max-snippet:-1, max-image-preview:large, max-video-preview:-1\" \/>\n<link rel=\"canonical\" href=\"https:\/\/tsv-oerlenbach.de\/?page_id=9181\" \/>\n<meta property=\"og:locale\" content=\"de_DE\" \/>\n<meta property=\"og:type\" content=\"article\" \/>\n<meta property=\"og:title\" content=\"Auszeichnungen - Sport f\u00fcr Alle\" \/>\n<meta property=\"og:description\" content=\"Bei der JHV 2020 waren auch Kreisehrenamtsbeauftragter Klaus Eisenmann sowie der Kreisvorsitzende des BFV, Rainer Lochm\u00fcller, anwesend. Und das auch aus einem besonderen Anlass (eigentlich sogar zwei!) Zum wiederholten Male wurde der TSV Oerlenbach mit der &#8222;goldenen Raute&#8220; bedacht, einem G\u00fctesiegel, das zeigt, dass der Verein in &#8222;F\u00fchrung, Organisation, sozialem Engagement und in seinen Angeboten &hellip; Auszeichnungen weiterlesen &rarr;\" \/>\n<meta property=\"og:url\" content=\"https:\/\/tsv-oerlenbach.de\/?page_id=9181\" \/>\n<meta property=\"og:site_name\" content=\"Sport f\u00fcr Alle\" \/>\n<meta property=\"og:image\" content=\"https:\/\/tsv-oerlenbach.de\/wp-content\/uploads\/raute-300x168.jpg\" \/>\n<meta name=\"twitter:card\" content=\"summary_large_image\" \/>\n<meta name=\"twitter:label1\" content=\"Gesch\u00e4tzte Lesezeit\" \/>\n\t<meta name=\"twitter:data1\" content=\"1\u00a0Minute\" \/>\n<script type=\"application\/ld+json\" class=\"yoast-schema-graph\">{\"@context\":\"https:\\\/\\\/schema.org\",\"@graph\":[{\"@type\":\"WebPage\",\"@id\":\"https:\\\/\\\/tsv-oerlenbach.de\\\/?page_id=9181\",\"url\":\"https:\\\/\\\/tsv-oerlenbach.de\\\/?page_id=9181\",\"name\":\"Auszeichnungen - Sport f\u00fcr Alle\",\"isPartOf\":{\"@id\":\"https:\\\/\\\/tsv-oerlenbach.de\\\/#website\"},\"primaryImageOfPage\":{\"@id\":\"https:\\\/\\\/tsv-oerlenbach.de\\\/?page_id=9181#primaryimage\"},\"image\":{\"@id\":\"https:\\\/\\\/tsv-oerlenbach.de\\\/?page_id=9181#primaryimage\"},\"thumbnailUrl\":\"https:\\\/\\\/tsv-oerlenbach.de\\\/wp-content\\\/uploads\\\/raute-300x168.jpg\",\"datePublished\":\"2020-03-16T22:36:56+00:00\",\"breadcrumb\":{\"@id\":\"https:\\\/\\\/tsv-oerlenbach.de\\\/?page_id=9181#breadcrumb\"},\"inLanguage\":\"de\",\"potentialAction\":[{\"@type\":\"ReadAction\",\"target\":[\"https:\\\/\\\/tsv-oerlenbach.de\\\/?page_id=9181\"]}]},{\"@type\":\"ImageObject\",\"inLanguage\":\"de\",\"@id\":\"https:\\\/\\\/tsv-oerlenbach.de\\\/?page_id=9181#primaryimage\",\"url\":\"https:\\\/\\\/tsv-oerlenbach.de\\\/wp-content\\\/uploads\\\/raute.jpg\",\"contentUrl\":\"https:\\\/\\\/tsv-oerlenbach.de\\\/wp-content\\\/uploads\\\/raute.jpg\",\"width\":1016,\"height\":570},{\"@type\":\"BreadcrumbList\",\"@id\":\"https:\\\/\\\/tsv-oerlenbach.de\\\/?page_id=9181#breadcrumb\",\"itemListElement\":[{\"@type\":\"ListItem\",\"position\":1,\"name\":\"Startseite\",\"item\":\"https:\\\/\\\/tsv-oerlenbach.de\\\/\"},{\"@type\":\"ListItem\",\"position\":2,\"name\":\"Der Verein\",\"item\":\"https:\\\/\\\/tsv-oerlenbach.de\\\/?page_id=4\"},{\"@type\":\"ListItem\",\"position\":3,\"name\":\"Vereinsgeschichte\",\"item\":\"https:\\\/\\\/tsv-oerlenbach.de\\\/?page_id=50\"},{\"@type\":\"ListItem\",\"position\":4,\"name\":\"Auszeichnungen\"}]},{\"@type\":\"WebSite\",\"@id\":\"https:\\\/\\\/tsv-oerlenbach.de\\\/#website\",\"url\":\"https:\\\/\\\/tsv-oerlenbach.de\\\/\",\"name\":\"Sport f\u00fcr Alle\",\"description\":\"Herzlich Willkommen auf unserer Homepage!\",\"potentialAction\":[{\"@type\":\"SearchAction\",\"target\":{\"@type\":\"EntryPoint\",\"urlTemplate\":\"https:\\\/\\\/tsv-oerlenbach.de\\\/?s={search_term_string}\"},\"query-input\":{\"@type\":\"PropertyValueSpecification\",\"valueRequired\":true,\"valueName\":\"search_term_string\"}}],\"inLanguage\":\"de\"}]}<\/script>\n<!-- \/ Yoast SEO plugin. -->","yoast_head_json":{"title":"Auszeichnungen - Sport f\u00fcr Alle","robots":{"index":"index","follow":"follow","max-snippet":"max-snippet:-1","max-image-preview":"max-image-preview:large","max-video-preview":"max-video-preview:-1"},"canonical":"https:\/\/tsv-oerlenbach.de\/?page_id=9181","og_locale":"de_DE","og_type":"article","og_title":"Auszeichnungen - Sport f\u00fcr Alle","og_description":"Bei der JHV 2020 waren auch Kreisehrenamtsbeauftragter Klaus Eisenmann sowie der Kreisvorsitzende des BFV, Rainer Lochm\u00fcller, anwesend. Und das auch aus einem besonderen Anlass (eigentlich sogar zwei!) Zum wiederholten Male wurde der TSV Oerlenbach mit der &#8222;goldenen Raute&#8220; bedacht, einem G\u00fctesiegel, das zeigt, dass der Verein in &#8222;F\u00fchrung, Organisation, sozialem Engagement und in seinen Angeboten &hellip; Auszeichnungen weiterlesen &rarr;","og_url":"https:\/\/tsv-oerlenbach.de\/?page_id=9181","og_site_name":"Sport f\u00fcr Alle","og_image":[{"url":"https:\/\/tsv-oerlenbach.de\/wp-content\/uploads\/raute-300x168.jpg","type":"","width":"","height":""}],"twitter_card":"summary_large_image","twitter_misc":{"Gesch\u00e4tzte Lesezeit":"1\u00a0Minute"},"schema":{"@context":"https:\/\/schema.org","@graph":[{"@type":"WebPage","@id":"https:\/\/tsv-oerlenbach.de\/?page_id=9181","url":"https:\/\/tsv-oerlenbach.de\/?page_id=9181","name":"Auszeichnungen - Sport f\u00fcr Alle","isPartOf":{"@id":"https:\/\/tsv-oerlenbach.de\/#website"},"primaryImageOfPage":{"@id":"https:\/\/tsv-oerlenbach.de\/?page_id=9181#primaryimage"},"image":{"@id":"https:\/\/tsv-oerlenbach.de\/?page_id=9181#primaryimage"},"thumbnailUrl":"https:\/\/tsv-oerlenbach.de\/wp-content\/uploads\/raute-300x168.jpg","datePublished":"2020-03-16T22:36:56+00:00","breadcrumb":{"@id":"https:\/\/tsv-oerlenbach.de\/?page_id=9181#breadcrumb"},"inLanguage":"de","potentialAction":[{"@type":"ReadAction","target":["https:\/\/tsv-oerlenbach.de\/?page_id=9181"]}]},{"@type":"ImageObject","inLanguage":"de","@id":"https:\/\/tsv-oerlenbach.de\/?page_id=9181#primaryimage","url":"https:\/\/tsv-oerlenbach.de\/wp-content\/uploads\/raute.jpg","contentUrl":"https:\/\/tsv-oerlenbach.de\/wp-content\/uploads\/raute.jpg","width":1016,"height":570},{"@type":"BreadcrumbList","@id":"https:\/\/tsv-oerlenbach.de\/?page_id=9181#breadcrumb","itemListElement":[{"@type":"ListItem","position":1,"name":"Startseite","item":"https:\/\/tsv-oerlenbach.de\/"},{"@type":"ListItem","position":2,"name":"Der Verein","item":"https:\/\/tsv-oerlenbach.de\/?page_id=4"},{"@type":"ListItem","position":3,"name":"Vereinsgeschichte","item":"https:\/\/tsv-oerlenbach.de\/?page_id=50"},{"@type":"ListItem","position":4,"name":"Auszeichnungen"}]},{"@type":"WebSite","@id":"https:\/\/tsv-oerlenbach.de\/#website","url":"https:\/\/tsv-oerlenbach.de\/","name":"Sport f\u00fcr Alle","description":"Herzlich Willkommen auf unserer Homepage!","potentialAction":[{"@type":"SearchAction","target":{"@type":"EntryPoint","urlTemplate":"https:\/\/tsv-oerlenbach.de\/?s={search_term_string}"},"query-input":{"@type":"PropertyValueSpecification","valueRequired":true,"valueName":"search_term_string"}}],"inLanguage":"de"}]}},"_links":{"self":[{"href":"https:\/\/tsv-oerlenbach.de\/index.php?rest_route=\/wp\/v2\/pages\/9181","targetHints":{"allow":["GET"]}}],"collection":[{"href":"https:\/\/tsv-oerlenbach.de\/index.php?rest_route=\/wp\/v2\/pages"}],"about":[{"href":"https:\/\/tsv-oerlenbach.de\/index.php?rest_route=\/wp\/v2\/types\/page"}],"author":[{"embeddable":true,"href":"https:\/\/tsv-oerlenbach.de\/index.php?rest_route=\/wp\/v2\/users\/3"}],"replies":[{"embeddable":true,"href":"https:\/\/tsv-oerlenbach.de\/index.php?rest_route=%2Fwp%2Fv2%2Fcomments&post=9181"}],"version-history":[{"count":1,"href":"https:\/\/tsv-oerlenbach.de\/index.php?rest_route=\/wp\/v2\/pages\/9181\/revisions"}],"predecessor-version":[{"id":9182,"href":"https:\/\/tsv-oerlenbach.de\/index.php?rest_route=\/wp\/v2\/pages\/9181\/revisions\/9182"}],"up":[{"embeddable":true,"href":"https:\/\/tsv-oerlenbach.de\/index.php?rest_route=\/wp\/v2\/pages\/50"}],"wp:attachment":[{"href":"https:\/\/tsv-oerlenbach.de\/index.php?rest_route=%2Fwp%2Fv2%2Fmedia&parent=9181"}],"curies":[{"name":"wp","href":"https:\/\/api.w.org\/{rel}","templated":true}]}}