{"id":9800,"date":"2024-10-13T10:42:17","date_gmt":"2024-10-13T10:42:17","guid":{"rendered":"https:\/\/tsv-oerlenbach.de\/?page_id=9800"},"modified":"2024-10-13T10:42:17","modified_gmt":"2024-10-13T10:42:17","slug":"spielplaene","status":"publish","type":"page","link":"https:\/\/tsv-oerlenbach.de\/?page_id=9800","title":{"rendered":"Spielpl\u00e4ne"},"content":{"rendered":"<p>Spielpl\u00e4ne und Termine f\u00fcr unsere Basketballer findet Ihr unter folgendem Link<\/p>\n<blockquote class=\"wp-embedded-content\" data-secret=\"AEVy3omNMp\"><p><a href=\"https:\/\/sgobasketball.de\/spielplaene\/\">Spielpl\u00e4ne Saison 2024\/2025<\/a><\/p><\/blockquote>\n<p><iframe loading=\"lazy\" class=\"wp-embedded-content\" sandbox=\"allow-scripts\" security=\"restricted\" style=\"position: absolute; visibility: hidden;\" title=\"&#8222;Spielpl\u00e4ne Saison 2024\/2025&#8220; &#8212; SG Oerlenbach \/ Ebenhausen Basketball\" src=\"https:\/\/sgobasketball.de\/spielplaene\/embed\/#?secret=AYu8IwXaFj#?secret=AEVy3omNMp\" data-secret=\"AEVy3omNMp\" width=\"474\" height=\"267\" frameborder=\"0\" marginwidth=\"0\" marginheight=\"0\" scrolling=\"no\"><\/iframe><\/p>\n","protected":false},"excerpt":{"rendered":"<p>Spielpl\u00e4ne und Termine f\u00fcr unsere Basketballer findet Ihr unter folgendem Link Spielpl\u00e4ne Saison 2024\/2025<\/p>\n","protected":false},"author":3,"featured_media":0,"parent":64,"menu_order":0,"comment_status":"closed","ping_status":"closed","template":"","meta":{"footnotes":""},"class_list":["post-9800","page","type-page","status-publish","hentry"],"yoast_head":"<!-- This site is optimized with the Yoast SEO plugin v27.4 - https:\/\/yoast.com\/product\/yoast-seo-wordpress\/ -->\n<title>Spielpl\u00e4ne - Sport f\u00fcr Alle<\/title>\n<meta name=\"robots\" content=\"index, follow, max-snippet:-1, max-image-preview:large, max-video-preview:-1\" \/>\n<link rel=\"canonical\" href=\"https:\/\/tsv-oerlenbach.de\/?page_id=9800\" \/>\n<meta property=\"og:locale\" content=\"de_DE\" \/>\n<meta property=\"og:type\" content=\"article\" \/>\n<meta property=\"og:title\" content=\"Spielpl\u00e4ne - Sport f\u00fcr Alle\" \/>\n<meta property=\"og:description\" content=\"Spielpl\u00e4ne und Termine f\u00fcr unsere Basketballer findet Ihr unter folgendem Link Spielpl\u00e4ne Saison 2024\/2025\" \/>\n<meta property=\"og:url\" content=\"https:\/\/tsv-oerlenbach.de\/?page_id=9800\" \/>\n<meta property=\"og:site_name\" content=\"Sport f\u00fcr Alle\" \/>\n<meta name=\"twitter:card\" content=\"summary_large_image\" \/>\n<meta name=\"twitter:label1\" content=\"Gesch\u00e4tzte Lesezeit\" \/>\n\t<meta name=\"twitter:data1\" content=\"1\u00a0Minute\" \/>\n<script type=\"application\/ld+json\" class=\"yoast-schema-graph\">{\"@context\":\"https:\\\/\\\/schema.org\",\"@graph\":[{\"@type\":\"WebPage\",\"@id\":\"https:\\\/\\\/tsv-oerlenbach.de\\\/?page_id=9800\",\"url\":\"https:\\\/\\\/tsv-oerlenbach.de\\\/?page_id=9800\",\"name\":\"Spielpl\u00e4ne - Sport f\u00fcr Alle\",\"isPartOf\":{\"@id\":\"https:\\\/\\\/tsv-oerlenbach.de\\\/#website\"},\"datePublished\":\"2024-10-13T10:42:17+00:00\",\"breadcrumb\":{\"@id\":\"https:\\\/\\\/tsv-oerlenbach.de\\\/?page_id=9800#breadcrumb\"},\"inLanguage\":\"de\",\"potentialAction\":[{\"@type\":\"ReadAction\",\"target\":[\"https:\\\/\\\/tsv-oerlenbach.de\\\/?page_id=9800\"]}]},{\"@type\":\"BreadcrumbList\",\"@id\":\"https:\\\/\\\/tsv-oerlenbach.de\\\/?page_id=9800#breadcrumb\",\"itemListElement\":[{\"@type\":\"ListItem\",\"position\":1,\"name\":\"Startseite\",\"item\":\"https:\\\/\\\/tsv-oerlenbach.de\\\/\"},{\"@type\":\"ListItem\",\"position\":2,\"name\":\"Die Abteilungen\",\"item\":\"https:\\\/\\\/tsv-oerlenbach.de\\\/?page_id=62\"},{\"@type\":\"ListItem\",\"position\":3,\"name\":\"Basketball\",\"item\":\"https:\\\/\\\/tsv-oerlenbach.de\\\/?page_id=64\"},{\"@type\":\"ListItem\",\"position\":4,\"name\":\"Spielpl\u00e4ne\"}]},{\"@type\":\"WebSite\",\"@id\":\"https:\\\/\\\/tsv-oerlenbach.de\\\/#website\",\"url\":\"https:\\\/\\\/tsv-oerlenbach.de\\\/\",\"name\":\"Sport f\u00fcr Alle\",\"description\":\"Herzlich Willkommen auf unserer Homepage!\",\"potentialAction\":[{\"@type\":\"SearchAction\",\"target\":{\"@type\":\"EntryPoint\",\"urlTemplate\":\"https:\\\/\\\/tsv-oerlenbach.de\\\/?s={search_term_string}\"},\"query-input\":{\"@type\":\"PropertyValueSpecification\",\"valueRequired\":true,\"valueName\":\"search_term_string\"}}],\"inLanguage\":\"de\"}]}<\/script>\n<!-- \/ Yoast SEO plugin. -->","yoast_head_json":{"title":"Spielpl\u00e4ne - Sport f\u00fcr Alle","robots":{"index":"index","follow":"follow","max-snippet":"max-snippet:-1","max-image-preview":"max-image-preview:large","max-video-preview":"max-video-preview:-1"},"canonical":"https:\/\/tsv-oerlenbach.de\/?page_id=9800","og_locale":"de_DE","og_type":"article","og_title":"Spielpl\u00e4ne - Sport f\u00fcr Alle","og_description":"Spielpl\u00e4ne und Termine f\u00fcr unsere Basketballer findet Ihr unter folgendem Link Spielpl\u00e4ne Saison 2024\/2025","og_url":"https:\/\/tsv-oerlenbach.de\/?page_id=9800","og_site_name":"Sport f\u00fcr Alle","twitter_card":"summary_large_image","twitter_misc":{"Gesch\u00e4tzte Lesezeit":"1\u00a0Minute"},"schema":{"@context":"https:\/\/schema.org","@graph":[{"@type":"WebPage","@id":"https:\/\/tsv-oerlenbach.de\/?page_id=9800","url":"https:\/\/tsv-oerlenbach.de\/?page_id=9800","name":"Spielpl\u00e4ne - Sport f\u00fcr Alle","isPartOf":{"@id":"https:\/\/tsv-oerlenbach.de\/#website"},"datePublished":"2024-10-13T10:42:17+00:00","breadcrumb":{"@id":"https:\/\/tsv-oerlenbach.de\/?page_id=9800#breadcrumb"},"inLanguage":"de","potentialAction":[{"@type":"ReadAction","target":["https:\/\/tsv-oerlenbach.de\/?page_id=9800"]}]},{"@type":"BreadcrumbList","@id":"https:\/\/tsv-oerlenbach.de\/?page_id=9800#breadcrumb","itemListElement":[{"@type":"ListItem","position":1,"name":"Startseite","item":"https:\/\/tsv-oerlenbach.de\/"},{"@type":"ListItem","position":2,"name":"Die Abteilungen","item":"https:\/\/tsv-oerlenbach.de\/?page_id=62"},{"@type":"ListItem","position":3,"name":"Basketball","item":"https:\/\/tsv-oerlenbach.de\/?page_id=64"},{"@type":"ListItem","position":4,"name":"Spielpl\u00e4ne"}]},{"@type":"WebSite","@id":"https:\/\/tsv-oerlenbach.de\/#website","url":"https:\/\/tsv-oerlenbach.de\/","name":"Sport f\u00fcr Alle","description":"Herzlich Willkommen auf unserer Homepage!","potentialAction":[{"@type":"SearchAction","target":{"@type":"EntryPoint","urlTemplate":"https:\/\/tsv-oerlenbach.de\/?s={search_term_string}"},"query-input":{"@type":"PropertyValueSpecification","valueRequired":true,"valueName":"search_term_string"}}],"inLanguage":"de"}]}},"_links":{"self":[{"href":"https:\/\/tsv-oerlenbach.de\/index.php?rest_route=\/wp\/v2\/pages\/9800","targetHints":{"allow":["GET"]}}],"collection":[{"href":"https:\/\/tsv-oerlenbach.de\/index.php?rest_route=\/wp\/v2\/pages"}],"about":[{"href":"https:\/\/tsv-oerlenbach.de\/index.php?rest_route=\/wp\/v2\/types\/page"}],"author":[{"embeddable":true,"href":"https:\/\/tsv-oerlenbach.de\/index.php?rest_route=\/wp\/v2\/users\/3"}],"replies":[{"embeddable":true,"href":"https:\/\/tsv-oerlenbach.de\/index.php?rest_route=%2Fwp%2Fv2%2Fcomments&post=9800"}],"version-history":[{"count":2,"href":"https:\/\/tsv-oerlenbach.de\/index.php?rest_route=\/wp\/v2\/pages\/9800\/revisions"}],"predecessor-version":[{"id":9802,"href":"https:\/\/tsv-oerlenbach.de\/index.php?rest_route=\/wp\/v2\/pages\/9800\/revisions\/9802"}],"up":[{"embeddable":true,"href":"https:\/\/tsv-oerlenbach.de\/index.php?rest_route=\/wp\/v2\/pages\/64"}],"wp:attachment":[{"href":"https:\/\/tsv-oerlenbach.de\/index.php?rest_route=%2Fwp%2Fv2%2Fmedia&parent=9800"}],"curies":[{"name":"wp","href":"https:\/\/api.w.org\/{rel}","templated":true}]}}